{"id":677,"date":"2024-07-26T16:36:08","date_gmt":"2024-07-26T14:36:08","guid":{"rendered":"https:\/\/jfn-univ.com\/?page_id=677"},"modified":"2024-08-21T15:35:55","modified_gmt":"2024-08-21T14:35:55","slug":"finance-et-comptabilite-master","status":"publish","type":"page","link":"https:\/\/jfn-univ.com\/index.php\/master-pro-management\/finance-et-comptabilite-master\/","title":{"rendered":"Finance et comptabilit\u00e9"},"content":{"rendered":"<p>[et_pb_section fb_built=\u00a0\u00bb1&Prime; _builder_version=\u00a0\u00bb4.26.1&Prime; _module_preset=\u00a0\u00bbdefault\u00a0\u00bb background_image=\u00a0\u00bbhttps:\/\/jfn-univ.com\/wp-content\/uploads\/2024\/07\/jfn-barner.jpg\u00a0\u00bb global_colors_info=\u00a0\u00bb{}\u00a0\u00bb][et_pb_row _builder_version=\u00a0\u00bb4.26.1&Prime; _module_preset=\u00a0\u00bbdefault\u00a0\u00bb global_colors_info=\u00a0\u00bb{}\u00a0\u00bb][et_pb_column type=\u00a0\u00bb4_4&Prime; _builder_version=\u00a0\u00bb4.26.1&Prime; _module_preset=\u00a0\u00bbdefault\u00a0\u00bb global_colors_info=\u00a0\u00bb{}\u00a0\u00bb][et_pb_text _builder_version=\u00a0\u00bb4.26.1&Prime; _module_preset=\u00a0\u00bbdefault\u00a0\u00bb text_font=\u00a0\u00bbPoppins|600|||||||\u00a0\u00bb text_text_color=\u00a0\u00bb#FFFFFF\u00a0\u00bb text_font_size=\u00a0\u00bb25px\u00a0\u00bb global_colors_info=\u00a0\u00bb{}\u00a0\u00bb]Finance et Comptabilit\u00e9[\/et_pb_text][\/et_pb_column][\/et_pb_row][\/et_pb_section][et_pb_section fb_built=\u00a0\u00bb1&Prime; _builder_version=\u00a0\u00bb4.26.1&Prime; _module_preset=\u00a0\u00bbdefault\u00a0\u00bb global_colors_info=\u00a0\u00bb{}\u00a0\u00bb][et_pb_row _builder_version=\u00a0\u00bb4.26.1&Prime; _module_preset=\u00a0\u00bbdefault\u00a0\u00bb global_colors_info=\u00a0\u00bb{}\u00a0\u00bb][et_pb_column type=\u00a0\u00bb4_4&Prime; _builder_version=\u00a0\u00bb4.26.1&Prime; _module_preset=\u00a0\u00bbdefault\u00a0\u00bb global_colors_info=\u00a0\u00bb{}\u00a0\u00bb][df_adh_heading title_prefix=\u00a0\u00bbFinance et Comptabilit\u00e9\u00a0\u00bb _builder_version=\u00a0\u00bb4.26.1&Prime; _module_preset=\u00a0\u00bbdefault\u00a0\u00bb t_prefix_font=\u00a0\u00bbPoppins|600|||||||\u00a0\u00bb t_prefix_text_color=\u00a0\u00bb#a4213c\u00a0\u00bb global_colors_info=\u00a0\u00bb{}\u00a0\u00bb][\/df_adh_heading][et_pb_text _builder_version=\u00a0\u00bb4.26.1&Prime; _module_preset=\u00a0\u00bbdefault\u00a0\u00bb text_orientation=\u00a0\u00bbcenter\u00a0\u00bb global_colors_info=\u00a0\u00bb{}\u00a0\u00bb]Devenez un expert de la gestion financi\u00e8re<br \/>\nLe Master en Finance et Comptabilit\u00e9 est une formation de haut niveau qui vous offre une expertise approfondie dans les domaines de la finance et de la comptabilit\u00e9. Ce dipl\u00f4me vous pr\u00e9pare \u00e0 occuper des postes \u00e0 responsabilit\u00e9 dans les entreprises, les institutions financi\u00e8res ou les cabinets d&rsquo;expertise comptable.[\/et_pb_text][\/et_pb_column][\/et_pb_row][et_pb_row column_structure=\u00a0\u00bb1_2,1_2&Prime; _builder_version=\u00a0\u00bb4.26.1&Prime; _module_preset=\u00a0\u00bbdefault\u00a0\u00bb global_colors_info=\u00a0\u00bb{}\u00a0\u00bb][et_pb_column type=\u00a0\u00bb1_2&Prime; _builder_version=\u00a0\u00bb4.26.1&Prime; _module_preset=\u00a0\u00bbdefault\u00a0\u00bb global_colors_info=\u00a0\u00bb{}\u00a0\u00bb][df_adh_heading title_prefix=\u00a0\u00bbOBJECTIFS\u00a0\u00bb _builder_version=\u00a0\u00bb4.26.1&Prime; _module_preset=\u00a0\u00bbdefault\u00a0\u00bb title_font=\u00a0\u00bbPoppins|700|||||||\u00a0\u00bb title_text_color=\u00a0\u00bb#a08237&Prime; global_colors_info=\u00a0\u00bb{}\u00a0\u00bb][\/df_adh_heading][et_pb_text _builder_version=\u00a0\u00bb4.26.1&Prime; _module_preset=\u00a0\u00bbdefault\u00a0\u00bb global_colors_info=\u00a0\u00bb{}\u00a0\u00bb]Au cours de ce Master, vous d\u00e9velopperez les comp\u00e9tences suivantes :<\/p>\n<p>Ma\u00eetrise des outils financiers : Analyse financi\u00e8re, \u00e9valuation d&rsquo;entreprise, gestion de portefeuille, etc.<br \/>\nConnaissance des normes comptables internationales : IFRS, US GAAP.<br \/>\nComp\u00e9tences en contr\u00f4le de gestion : Analyse des co\u00fbts, budgets, tableaux de bord.<br \/>\nCapacit\u00e9s d&rsquo;analyse et de synth\u00e8se : Pour prendre des d\u00e9cisions strat\u00e9giques.<br \/>\nEsprit critique et rigueur intellectuelle : Pour appr\u00e9hender les enjeux \u00e9conomiques et financiers.[\/et_pb_text][\/et_pb_column][et_pb_column type=\u00a0\u00bb1_2&Prime; _builder_version=\u00a0\u00bb4.26.1&Prime; _module_preset=\u00a0\u00bbdefault\u00a0\u00bb global_colors_info=\u00a0\u00bb{}\u00a0\u00bb][df_adh_heading title_prefix=\u00a0\u00bbDEBOUCHES \u00a0\u00bb _builder_version=\u00a0\u00bb4.26.1&Prime; _module_preset=\u00a0\u00bbdefault\u00a0\u00bb title_font=\u00a0\u00bbPoppins|700|||||||\u00a0\u00bb title_text_align=\u00a0\u00bbleft\u00a0\u00bb title_text_color=\u00a0\u00bb#a08237&Prime; global_colors_info=\u00a0\u00bb{}\u00a0\u00bb][\/df_adh_heading][et_pb_text _builder_version=\u00a0\u00bb4.26.1&Prime; _module_preset=\u00a0\u00bbdefault\u00a0\u00bb global_colors_info=\u00a0\u00bb{}\u00a0\u00bb]<\/p>\n<p data-sourcepos=\"17:1-17:128\"><span>Les dipl\u00f4m\u00e9s en Finance et Comptabilit\u00e9 sont tr\u00e8s recherch\u00e9s sur le march\u00e9 du travail.<\/span><span> Ils peuvent occuper des postes tels que :<\/span><\/p>\n<ul data-sourcepos=\"19:1-22:1\">\n<li data-sourcepos=\"19:1-19:27\"><strong>Contr\u00f4leur de gestion<\/strong><\/li>\n<li data-sourcepos=\"20:1-20:24\"><strong>Analyste financier<\/strong><\/li>\n<li data-sourcepos=\"21:1-21:14\"><strong>Auditeur<\/strong><\/li>\n<li data-sourcepos=\"22:1-22:1\"><strong>Responsable financier<\/strong><\/li>\n<li data-sourcepos=\"23:1-24:0\"><strong>Consultant en finance<\/strong><\/li>\n<\/ul>\n<p>[\/et_pb_text][\/et_pb_column][\/et_pb_row][et_pb_row column_structure=\u00a0\u00bb1_2,1_2&Prime; _builder_version=\u00a0\u00bb4.26.1&Prime; _module_preset=\u00a0\u00bbdefault\u00a0\u00bb global_colors_info=\u00a0\u00bb{}\u00a0\u00bb][et_pb_column type=\u00a0\u00bb1_2&Prime; _builder_version=\u00a0\u00bb4.26.1&Prime; _module_preset=\u00a0\u00bbdefault\u00a0\u00bb global_colors_info=\u00a0\u00bb{}\u00a0\u00bb][df_adh_heading title_prefix=\u00a0\u00bbDOSSIER DE CADIDATURE \u00a0\u00bb _builder_version=\u00a0\u00bb4.26.1&Prime; _module_preset=\u00a0\u00bbdefault\u00a0\u00bb title_font=\u00a0\u00bbPoppins|700|||||||\u00a0\u00bb title_text_color=\u00a0\u00bb#a08237&Prime; global_colors_info=\u00a0\u00bb{}\u00a0\u00bb][\/df_adh_heading][et_pb_text _builder_version=\u00a0\u00bb4.26.1&Prime; _module_preset=\u00a0\u00bbdefault\u00a0\u00bb global_colors_info=\u00a0\u00bb{}\u00a0\u00bb]<\/p>\n<p>Your content goes here. Edit or remove this text inline or in the module Content settings. You can also style every aspect of this content in the module Design settings and even apply custom CSS to this text in the module Advanced settings.<\/p>\n<p>[\/et_pb_text][\/et_pb_column][et_pb_column type=\u00a0\u00bb1_2&Prime; _builder_version=\u00a0\u00bb4.26.1&Prime; _module_preset=\u00a0\u00bbdefault\u00a0\u00bb global_colors_info=\u00a0\u00bb{}\u00a0\u00bb][et_pb_image src=\u00a0\u00bbhttps:\/\/jfn-univ.com\/wp-content\/uploads\/2024\/07\/jfn-barner.jpg\u00a0\u00bb title_text=\u00a0\u00bbjfn-barner\u00a0\u00bb _builder_version=\u00a0\u00bb4.26.1&Prime; _module_preset=\u00a0\u00bbdefault\u00a0\u00bb global_colors_info=\u00a0\u00bb{}\u00a0\u00bb][\/et_pb_image][\/et_pb_column][\/et_pb_row][et_pb_row _builder_version=\u00a0\u00bb4.26.1&Prime; _module_preset=\u00a0\u00bbdefault\u00a0\u00bb global_colors_info=\u00a0\u00bb{}\u00a0\u00bb][et_pb_column type=\u00a0\u00bb4_4&Prime; _builder_version=\u00a0\u00bb4.26.1&Prime; _module_preset=\u00a0\u00bbdefault\u00a0\u00bb global_colors_info=\u00a0\u00bb{}\u00a0\u00bb][df_adh_heading title_prefix=\u00a0\u00bbPARCOURS ET  ROGRAMME \u00a0\u00bb _builder_version=\u00a0\u00bb4.26.1&Prime; _module_preset=\u00a0\u00bbdefault\u00a0\u00bb title_font=\u00a0\u00bbPoppins|700|||||||\u00a0\u00bb title_text_color=\u00a0\u00bb#a08237&Prime; global_colors_info=\u00a0\u00bb{}\u00a0\u00bb][\/df_adh_heading][\/et_pb_column][\/et_pb_row][et_pb_row _builder_version=\u00a0\u00bb4.26.1&Prime; _module_preset=\u00a0\u00bbdefault\u00a0\u00bb global_module=\u00a0\u00bb1301&Prime; global_colors_info=\u00a0\u00bb{}\u00a0\u00bb][et_pb_column type=\u00a0\u00bb4_4&Prime; _builder_version=\u00a0\u00bb4.26.1&Prime; _module_preset=\u00a0\u00bbdefault\u00a0\u00bb global_colors_info=\u00a0\u00bb{}\u00a0\u00bb][difl_dual_button alignment=\u00a0\u00bbcenter\u00a0\u00bb btn_left_background_bgcolor=\u00a0\u00bb#a4213c\u00a0\u00bb btn_left_font_icon=\u00a0\u00bb&#xe007;||divi||400&Prime; btn_left_icon_color=\u00a0\u00bb1&Prime; btn_left_icon_placement=\u00a0\u00bbleft\u00a0\u00bb btn_right_background_bgcolor=\u00a0\u00bb#FFFFFF\u00a0\u00bb use_right_button_icon=\u00a0\u00bboff\u00a0\u00bb left_button=\u00a0\u00bbJE ME PRE-INSCRIT  A JFN\u00a0\u00bb left_button_url=\u00a0\u00bb#\u00a0\u00bb left_button_target=\u00a0\u00bbon\u00a0\u00bb right_button_url=\u00a0\u00bbhttp:\/\/localhost\/monsiteweb.tech\/#contact\u00a0\u00bb button_separator=\u00a0\u00bbon\u00a0\u00bb use_icon=\u00a0\u00bbon\u00a0\u00bb font_icon=\u00a0\u00bb&#x45;||divi||400&Prime; icon_color=\u00a0\u00bb#FFFFFF\u00a0\u00bb use_icon_font_size=\u00a0\u00bbon\u00a0\u00bb icon_font_size=\u00a0\u00bb30px\u00a0\u00bb separator_background_bgcolor=\u00a0\u00bb#a4213c\u00a0\u00bb left_button_wrapper_margin=\u00a0\u00bb||||false|false\u00a0\u00bb left_button_padding=\u00a0\u00bb15px|30px|15px|30px|true|true\u00a0\u00bb left_button_padding_tablet=\u00a0\u00bb\u00a0\u00bb left_button_padding_phone=\u00a0\u00bb18px|18px|18px|18px|true|true\u00a0\u00bb left_button_padding_last_edited=\u00a0\u00bbon|phone\u00a0\u00bb right_button_padding=\u00a0\u00bb|18px||18px|false|true\u00a0\u00bb button_separator_margin=\u00a0\u00bb|10px||21px|false|false\u00a0\u00bb button_separator_margin_tablet=\u00a0\u00bb\u00a0\u00bb button_separator_margin_phone=\u00a0\u00bb|0px||11px|false|false\u00a0\u00bb button_separator_margin_last_edited=\u00a0\u00bbon|phone\u00a0\u00bb button_separator_padding=\u00a0\u00bb8px|9px|5px|9px|false|true\u00a0\u00bb button_separator_padding_tablet=\u00a0\u00bb\u00a0\u00bb button_separator_padding_phone=\u00a0\u00bb5px|6px|2px|6px|false|false\u00a0\u00bb button_separator_padding_last_edited=\u00a0\u00bbon|phone\u00a0\u00bb alignment_tablet=\u00a0\u00bbcenter\u00a0\u00bb alignment_phone=\u00a0\u00bbcenter\u00a0\u00bb alignment_last_edited=\u00a0\u00bbon|tablet\u00a0\u00bb _builder_version=\u00a0\u00bb4.26.1&Prime; _module_preset=\u00a0\u00bbdefault\u00a0\u00bb left_button_font=\u00a0\u00bbPoppins|600|||||||\u00a0\u00bb left_button_text_color=\u00a0\u00bb#FFFFFF\u00a0\u00bb left_button_font_size=\u00a0\u00bb15px\u00a0\u00bb right_button_font=\u00a0\u00bbPoppins|700|||||||\u00a0\u00bb right_button_text_color=\u00a0\u00bb#002f8c\u00a0\u00bb right_button_font_size=\u00a0\u00bb16px\u00a0\u00bb separator_text_color=\u00a0\u00bb#FFFFFF\u00a0\u00bb custom_margin=\u00a0\u00bb46px||||false|false\u00a0\u00bb left_button_font_size_tablet=\u00a0\u00bb\u00a0\u00bb left_button_font_size_phone=\u00a0\u00bb12px\u00a0\u00bb left_button_font_size_last_edited=\u00a0\u00bbon|phone\u00a0\u00bb right_button_font_size_tablet=\u00a0\u00bb\u00a0\u00bb right_button_font_size_phone=\u00a0\u00bb12px\u00a0\u00bb right_button_font_size_last_edited=\u00a0\u00bbon|phone\u00a0\u00bb border_radii_left_button=\u00a0\u00bbon|10px|10px|10px|10px\u00a0\u00bb border_radii_separator=\u00a0\u00bbon|170px|170px|170px|170px\u00a0\u00bb border_width_all_separator=\u00a0\u00bb0px\u00a0\u00bb border_color_all_separator=\u00a0\u00bb#083f88&Prime; box_shadow_style_separator=\u00a0\u00bbpreset1&Prime; box_shadow_vertical_separator=\u00a0\u00bb0px\u00a0\u00bb box_shadow_blur_separator=\u00a0\u00bb0px\u00a0\u00bb box_shadow_spread_separator=\u00a0\u00bb5px\u00a0\u00bb box_shadow_color_separator=\u00a0\u00bbrgba(255,134,0,0.31)\u00a0\u00bb box_shadow_style_left_button=\u00a0\u00bbpreset3&Prime; box_shadow_color_left_button=\u00a0\u00bbrgba(0,0,0,0)\u00a0\u00bb locked=\u00a0\u00bboff\u00a0\u00bb global_colors_info=\u00a0\u00bb{}\u00a0\u00bb border_width_all_separator__hover_enabled=\u00a0\u00bbon|desktop\u00a0\u00bb border_width_all_separator__hover=\u00a0\u00bb5px\u00a0\u00bb button_separator_margin__hover_enabled=\u00a0\u00bbon|desktop\u00a0\u00bb button_separator_margin__hover=\u00a0\u00bb|0px|||false|false\u00a0\u00bb box_shadow_color_left_button__hover_enabled=\u00a0\u00bbon|hover\u00a0\u00bb box_shadow_color_left_button__hover=\u00a0\u00bbrgba(0,0,0,0.24)\u00a0\u00bb][\/difl_dual_button][\/et_pb_column][\/et_pb_row][\/et_pb_section][et_pb_section fb_built=\u00a0\u00bb1&Prime; _builder_version=\u00a0\u00bb4.26.1&Prime; _module_preset=\u00a0\u00bbdefault\u00a0\u00bb background_color=\u00a0\u00bb#a08237&Prime; locked=\u00a0\u00bboff\u00a0\u00bb global_colors_info=\u00a0\u00bb{}\u00a0\u00bb global_module=\u00a0\u00bb915&Prime; theme_builder_area=\u00a0\u00bbpost_content\u00a0\u00bb][et_pb_row _builder_version=\u00a0\u00bb4.26.1&Prime; _module_preset=\u00a0\u00bbdefault\u00a0\u00bb global_colors_info=\u00a0\u00bb{}\u00a0\u00bb theme_builder_area=\u00a0\u00bbpost_content\u00a0\u00bb][et_pb_column type=\u00a0\u00bb4_4&Prime; _builder_version=\u00a0\u00bb4.26.1&Prime; _module_preset=\u00a0\u00bbdefault\u00a0\u00bb global_colors_info=\u00a0\u00bb{}\u00a0\u00bb theme_builder_area=\u00a0\u00bbpost_content\u00a0\u00bb][et_pb_text _builder_version=\u00a0\u00bb4.26.1&Prime; _module_preset=\u00a0\u00bbdefault\u00a0\u00bb text_font=\u00a0\u00bbPoppins|700|||||||\u00a0\u00bb text_text_color=\u00a0\u00bb#000000&Prime; text_font_size=\u00a0\u00bb29px\u00a0\u00bb text_orientation=\u00a0\u00bbcenter\u00a0\u00bb global_colors_info=\u00a0\u00bb{}\u00a0\u00bb theme_builder_area=\u00a0\u00bbpost_content\u00a0\u00bb]<\/p>\n<p>En Savoir Plus?<\/p>\n<p>[\/et_pb_text][et_pb_text _builder_version=\u00a0\u00bb4.26.1&Prime; _module_preset=\u00a0\u00bbdefault\u00a0\u00bb text_font=\u00a0\u00bbPoppins|500|||||||\u00a0\u00bb text_text_color=\u00a0\u00bb#FFFFFF\u00a0\u00bb header_font=\u00a0\u00bb|600|||||||\u00a0\u00bb header_4_font=\u00a0\u00bb|600|||||||\u00a0\u00bb text_orientation=\u00a0\u00bbcenter\u00a0\u00bb custom_margin=\u00a0\u00bb-24px||||false|false\u00a0\u00bb global_colors_info=\u00a0\u00bb{}\u00a0\u00bb theme_builder_area=\u00a0\u00bbpost_content\u00a0\u00bb]<\/p>\n<h4>Demandez-nous une documentation !<\/h4>\n<p>Les champs marqu\u00e9s d&rsquo;un ast\u00e9risque (*) sont \u00e0 remplir obligatoirement et correctement<\/p>\n<p>[\/et_pb_text][\/et_pb_column][\/et_pb_row][et_pb_row _builder_version=\u00a0\u00bb4.26.1&Prime; _module_preset=\u00a0\u00bbdefault\u00a0\u00bb width=\u00a0\u00bb44%\u00a0\u00bb module_alignment=\u00a0\u00bbcenter\u00a0\u00bb custom_margin=\u00a0\u00bb-58px||||false|false\u00a0\u00bb global_colors_info=\u00a0\u00bb{}\u00a0\u00bb theme_builder_area=\u00a0\u00bbpost_content\u00a0\u00bb][et_pb_column type=\u00a0\u00bb4_4&Prime; _builder_version=\u00a0\u00bb4.26.1&Prime; _module_preset=\u00a0\u00bbdefault\u00a0\u00bb global_colors_info=\u00a0\u00bb{}\u00a0\u00bb theme_builder_area=\u00a0\u00bbpost_content\u00a0\u00bb][difl_wpforms wpforms=\u00a0\u00bb280272&Prime; _builder_version=\u00a0\u00bb4.26.1&Prime; _module_preset=\u00a0\u00bbdefault\u00a0\u00bb global_colors_info=\u00a0\u00bb{}\u00a0\u00bb theme_builder_area=\u00a0\u00bbpost_content\u00a0\u00bb][\/difl_wpforms][\/et_pb_column][\/et_pb_row][\/et_pb_section]<\/p>\n","protected":false},"excerpt":{"rendered":"<p>Finance et Comptabilit\u00e9<div class=\"et_pb_module df_adh_heading df_adh_heading_0\">\n\t\t\t\t\n\t\t\t\t\n\t\t\t\t\n\t\t\t\t\n\t\t\t\t\n\t\t\t\t\n\t\t\t\t<div class=\"et_pb_module_inner\">\n\t\t\t\t\t<div class=\"df-heading-container\">\r\n                \r\n                \r\n                <h4 class=\"df-heading\"><span class=\"prefix\">Finance et Comptabilit\u00e9<\/span>  <\/h4>\r\n                \r\n            <\/div>\n\t\t\t\t<\/div>\n\t\t\t<\/div>Devenez un expert de la gestion financi\u00e8re Le Master en Finance et Comptabilit\u00e9 est une formation de haut niveau qui vous offre une expertise approfondie dans les domaines de la finance et de la comptabilit\u00e9. Ce dipl\u00f4me vous pr\u00e9pare \u00e0 occuper des postes \u00e0 responsabilit\u00e9 [&hellip;]<\/p>\n","protected":false},"author":1,"featured_media":0,"parent":473,"menu_order":0,"comment_status":"closed","ping_status":"closed","template":"","meta":{"_et_pb_use_builder":"on","_et_pb_old_content":"","_et_gb_content_width":"","_monsterinsights_skip_tracking":false,"_monsterinsights_sitenote_active":false,"_monsterinsights_sitenote_note":"","_monsterinsights_sitenote_category":0,"footnotes":""},"class_list":["post-677","page","type-page","status-publish","hentry"],"yoast_head":"<!-- This site is optimized with the Yoast SEO plugin v27.4 - https:\/\/yoast.com\/product\/yoast-seo-wordpress\/ -->\n<title>Finance et comptabilit\u00e9 - JFN-HUI<\/title>\n<meta name=\"robots\" content=\"index, follow, max-snippet:-1, max-image-preview:large, max-video-preview:-1\" \/>\n<link rel=\"canonical\" href=\"https:\/\/jfn-univ.com\/index.php\/master-pro-management\/finance-et-comptabilite-master\/\" \/>\n<meta property=\"og:locale\" content=\"fr_FR\" \/>\n<meta property=\"og:type\" content=\"article\" \/>\n<meta property=\"og:title\" content=\"Finance et comptabilit\u00e9 - JFN-HUI\" \/>\n<meta property=\"og:description\" content=\"Finance et Comptabilit\u00e9Devenez un expert de la gestion financi\u00e8re Le Master en Finance et Comptabilit\u00e9 est une formation de haut niveau qui vous offre une expertise approfondie dans les domaines de la finance et de la comptabilit\u00e9. Ce dipl\u00f4me vous pr\u00e9pare \u00e0 occuper des postes \u00e0 responsabilit\u00e9 [&hellip;]\" \/>\n<meta property=\"og:url\" content=\"https:\/\/jfn-univ.com\/index.php\/master-pro-management\/finance-et-comptabilite-master\/\" \/>\n<meta property=\"og:site_name\" content=\"JFN-HUI\" \/>\n<meta property=\"article:modified_time\" content=\"2024-08-21T14:35:55+00:00\" \/>\n<meta name=\"twitter:card\" content=\"summary_large_image\" \/>\n<meta name=\"twitter:label1\" content=\"Dur\u00e9e de lecture estim\u00e9e\" \/>\n\t<meta name=\"twitter:data1\" content=\"7 minutes\" \/>\n<script type=\"application\/ld+json\" class=\"yoast-schema-graph\">{\"@context\":\"https:\\\/\\\/schema.org\",\"@graph\":[{\"@type\":\"WebPage\",\"@id\":\"https:\\\/\\\/jfn-univ.com\\\/index.php\\\/master-pro-management\\\/finance-et-comptabilite-master\\\/\",\"url\":\"https:\\\/\\\/jfn-univ.com\\\/index.php\\\/master-pro-management\\\/finance-et-comptabilite-master\\\/\",\"name\":\"Finance et comptabilit\u00e9 - JFN-HUI\",\"isPartOf\":{\"@id\":\"https:\\\/\\\/jfn-univ.com\\\/#website\"},\"datePublished\":\"2024-07-26T14:36:08+00:00\",\"dateModified\":\"2024-08-21T14:35:55+00:00\",\"breadcrumb\":{\"@id\":\"https:\\\/\\\/jfn-univ.com\\\/index.php\\\/master-pro-management\\\/finance-et-comptabilite-master\\\/#breadcrumb\"},\"inLanguage\":\"fr-FR\",\"potentialAction\":[{\"@type\":\"ReadAction\",\"target\":[\"https:\\\/\\\/jfn-univ.com\\\/index.php\\\/master-pro-management\\\/finance-et-comptabilite-master\\\/\"]}]},{\"@type\":\"BreadcrumbList\",\"@id\":\"https:\\\/\\\/jfn-univ.com\\\/index.php\\\/master-pro-management\\\/finance-et-comptabilite-master\\\/#breadcrumb\",\"itemListElement\":[{\"@type\":\"ListItem\",\"position\":1,\"name\":\"Home\",\"item\":\"https:\\\/\\\/jfn-univ.com\\\/\"},{\"@type\":\"ListItem\",\"position\":2,\"name\":\"Master Pro management\",\"item\":\"https:\\\/\\\/jfn-univ.com\\\/index.php\\\/master-pro-management\\\/\"},{\"@type\":\"ListItem\",\"position\":3,\"name\":\"Finance et comptabilit\u00e9\"}]},{\"@type\":\"WebSite\",\"@id\":\"https:\\\/\\\/jfn-univ.com\\\/#website\",\"url\":\"https:\\\/\\\/jfn-univ.com\\\/\",\"name\":\"JFN HUI\",\"description\":\"innovation for a better world\",\"publisher\":{\"@id\":\"https:\\\/\\\/jfn-univ.com\\\/#organization\"},\"potentialAction\":[{\"@type\":\"SearchAction\",\"target\":{\"@type\":\"EntryPoint\",\"urlTemplate\":\"https:\\\/\\\/jfn-univ.com\\\/?s={search_term_string}\"},\"query-input\":{\"@type\":\"PropertyValueSpecification\",\"valueRequired\":true,\"valueName\":\"search_term_string\"}}],\"inLanguage\":\"fr-FR\"},{\"@type\":\"Organization\",\"@id\":\"https:\\\/\\\/jfn-univ.com\\\/#organization\",\"name\":\"JFN hui\",\"url\":\"https:\\\/\\\/jfn-univ.com\\\/\",\"logo\":{\"@type\":\"ImageObject\",\"inLanguage\":\"fr-FR\",\"@id\":\"https:\\\/\\\/jfn-univ.com\\\/#\\\/schema\\\/logo\\\/image\\\/\",\"url\":\"https:\\\/\\\/jfn-univ.com\\\/wp-content\\\/uploads\\\/2024\\\/07\\\/jfn-hui-logo.png\",\"contentUrl\":\"https:\\\/\\\/jfn-univ.com\\\/wp-content\\\/uploads\\\/2024\\\/07\\\/jfn-hui-logo.png\",\"width\":198,\"height\":52,\"caption\":\"JFN hui\"},\"image\":{\"@id\":\"https:\\\/\\\/jfn-univ.com\\\/#\\\/schema\\\/logo\\\/image\\\/\"}}]}<\/script>\n<!-- \/ Yoast SEO plugin. -->","yoast_head_json":{"title":"Finance et comptabilit\u00e9 - JFN-HUI","robots":{"index":"index","follow":"follow","max-snippet":"max-snippet:-1","max-image-preview":"max-image-preview:large","max-video-preview":"max-video-preview:-1"},"canonical":"https:\/\/jfn-univ.com\/index.php\/master-pro-management\/finance-et-comptabilite-master\/","og_locale":"fr_FR","og_type":"article","og_title":"Finance et comptabilit\u00e9 - JFN-HUI","og_description":"Finance et Comptabilit\u00e9Devenez un expert de la gestion financi\u00e8re Le Master en Finance et Comptabilit\u00e9 est une formation de haut niveau qui vous offre une expertise approfondie dans les domaines de la finance et de la comptabilit\u00e9. Ce dipl\u00f4me vous pr\u00e9pare \u00e0 occuper des postes \u00e0 responsabilit\u00e9 [&hellip;]","og_url":"https:\/\/jfn-univ.com\/index.php\/master-pro-management\/finance-et-comptabilite-master\/","og_site_name":"JFN-HUI","article_modified_time":"2024-08-21T14:35:55+00:00","twitter_card":"summary_large_image","twitter_misc":{"Dur\u00e9e de lecture estim\u00e9e":"7 minutes"},"schema":{"@context":"https:\/\/schema.org","@graph":[{"@type":"WebPage","@id":"https:\/\/jfn-univ.com\/index.php\/master-pro-management\/finance-et-comptabilite-master\/","url":"https:\/\/jfn-univ.com\/index.php\/master-pro-management\/finance-et-comptabilite-master\/","name":"Finance et comptabilit\u00e9 - JFN-HUI","isPartOf":{"@id":"https:\/\/jfn-univ.com\/#website"},"datePublished":"2024-07-26T14:36:08+00:00","dateModified":"2024-08-21T14:35:55+00:00","breadcrumb":{"@id":"https:\/\/jfn-univ.com\/index.php\/master-pro-management\/finance-et-comptabilite-master\/#breadcrumb"},"inLanguage":"fr-FR","potentialAction":[{"@type":"ReadAction","target":["https:\/\/jfn-univ.com\/index.php\/master-pro-management\/finance-et-comptabilite-master\/"]}]},{"@type":"BreadcrumbList","@id":"https:\/\/jfn-univ.com\/index.php\/master-pro-management\/finance-et-comptabilite-master\/#breadcrumb","itemListElement":[{"@type":"ListItem","position":1,"name":"Home","item":"https:\/\/jfn-univ.com\/"},{"@type":"ListItem","position":2,"name":"Master Pro management","item":"https:\/\/jfn-univ.com\/index.php\/master-pro-management\/"},{"@type":"ListItem","position":3,"name":"Finance et comptabilit\u00e9"}]},{"@type":"WebSite","@id":"https:\/\/jfn-univ.com\/#website","url":"https:\/\/jfn-univ.com\/","name":"JFN HUI","description":"innovation for a better world","publisher":{"@id":"https:\/\/jfn-univ.com\/#organization"},"potentialAction":[{"@type":"SearchAction","target":{"@type":"EntryPoint","urlTemplate":"https:\/\/jfn-univ.com\/?s={search_term_string}"},"query-input":{"@type":"PropertyValueSpecification","valueRequired":true,"valueName":"search_term_string"}}],"inLanguage":"fr-FR"},{"@type":"Organization","@id":"https:\/\/jfn-univ.com\/#organization","name":"JFN hui","url":"https:\/\/jfn-univ.com\/","logo":{"@type":"ImageObject","inLanguage":"fr-FR","@id":"https:\/\/jfn-univ.com\/#\/schema\/logo\/image\/","url":"https:\/\/jfn-univ.com\/wp-content\/uploads\/2024\/07\/jfn-hui-logo.png","contentUrl":"https:\/\/jfn-univ.com\/wp-content\/uploads\/2024\/07\/jfn-hui-logo.png","width":198,"height":52,"caption":"JFN hui"},"image":{"@id":"https:\/\/jfn-univ.com\/#\/schema\/logo\/image\/"}}]}},"lang":"fr","translations":{"fr":677},"pll_sync_post":[],"_links":{"self":[{"href":"https:\/\/jfn-univ.com\/index.php\/wp-json\/wp\/v2\/pages\/677","targetHints":{"allow":["GET"]}}],"collection":[{"href":"https:\/\/jfn-univ.com\/index.php\/wp-json\/wp\/v2\/pages"}],"about":[{"href":"https:\/\/jfn-univ.com\/index.php\/wp-json\/wp\/v2\/types\/page"}],"author":[{"embeddable":true,"href":"https:\/\/jfn-univ.com\/index.php\/wp-json\/wp\/v2\/users\/1"}],"replies":[{"embeddable":true,"href":"https:\/\/jfn-univ.com\/index.php\/wp-json\/wp\/v2\/comments?post=677"}],"version-history":[{"count":10,"href":"https:\/\/jfn-univ.com\/index.php\/wp-json\/wp\/v2\/pages\/677\/revisions"}],"predecessor-version":[{"id":280361,"href":"https:\/\/jfn-univ.com\/index.php\/wp-json\/wp\/v2\/pages\/677\/revisions\/280361"}],"up":[{"embeddable":true,"href":"https:\/\/jfn-univ.com\/index.php\/wp-json\/wp\/v2\/pages\/473"}],"wp:attachment":[{"href":"https:\/\/jfn-univ.com\/index.php\/wp-json\/wp\/v2\/media?parent=677"}],"curies":[{"name":"wp","href":"https:\/\/api.w.org\/{rel}","templated":true}]}}