{"id":559,"date":"2024-07-26T15:34:55","date_gmt":"2024-07-26T13:34:55","guid":{"rendered":"https:\/\/jfn-univ.com\/?page_id=559"},"modified":"2025-07-01T10:12:08","modified_gmt":"2025-07-01T09:12:08","slug":"mecatronique-automobile-licence","status":"publish","type":"page","link":"https:\/\/jfn-univ.com\/index.php\/licence\/licence-de-technologie-scientifque\/mecatronique-automobile-licence\/","title":{"rendered":"M\u00e9catronique Automobile"},"content":{"rendered":"<p>[et_pb_section fb_built=\u00a0\u00bb1&Prime; _builder_version=\u00a0\u00bb4.26.1&Prime; _module_preset=\u00a0\u00bbdefault\u00a0\u00bb background_image=\u00a0\u00bbhttps:\/\/jfn-univ.com\/wp-content\/uploads\/2025\/06\/Licence-Tech-2.jpg\u00a0\u00bb hover_enabled=\u00a0\u00bb0&Prime; global_colors_info=\u00a0\u00bb{}\u00a0\u00bb title_text=\u00a0\u00bbLicence Tech 2&Prime; sticky_enabled=\u00a0\u00bb0&Prime;][et_pb_row _builder_version=\u00a0\u00bb4.26.1&Prime; _module_preset=\u00a0\u00bbdefault\u00a0\u00bb global_colors_info=\u00a0\u00bb{}\u00a0\u00bb][et_pb_column type=\u00a0\u00bb4_4&Prime; _builder_version=\u00a0\u00bb4.26.1&Prime; _module_preset=\u00a0\u00bbdefault\u00a0\u00bb global_colors_info=\u00a0\u00bb{}\u00a0\u00bb][\/et_pb_column][\/et_pb_row][\/et_pb_section][et_pb_section fb_built=\u00a0\u00bb1&Prime; _builder_version=\u00a0\u00bb4.26.1&Prime; _module_preset=\u00a0\u00bbdefault\u00a0\u00bb global_colors_info=\u00a0\u00bb{}\u00a0\u00bb][et_pb_row _builder_version=\u00a0\u00bb4.26.1&Prime; _module_preset=\u00a0\u00bbdefault\u00a0\u00bb global_colors_info=\u00a0\u00bb{}\u00a0\u00bb][et_pb_column type=\u00a0\u00bb4_4&Prime; _builder_version=\u00a0\u00bb4.26.1&Prime; _module_preset=\u00a0\u00bbdefault\u00a0\u00bb global_colors_info=\u00a0\u00bb{}\u00a0\u00bb][df_adh_heading title_prefix=\u00a0\u00bbM\u00e9catronique Automobile\u00a0\u00bb _builder_version=\u00a0\u00bb4.26.1&Prime; _module_preset=\u00a0\u00bbdefault\u00a0\u00bb t_prefix_font=\u00a0\u00bbPoppins|600|||||||\u00a0\u00bb t_prefix_text_color=\u00a0\u00bb#a4213c\u00a0\u00bb global_colors_info=\u00a0\u00bb{}\u00a0\u00bb][\/df_adh_heading][et_pb_text _builder_version=\u00a0\u00bb4.26.1&Prime; _module_preset=\u00a0\u00bbdefault\u00a0\u00bb text_orientation=\u00a0\u00bbcenter\u00a0\u00bb global_colors_info=\u00a0\u00bb{}\u00a0\u00bb]<\/p>\n<p>La Licence M\u00e9catronique Automobile est une formation d&rsquo;ing\u00e9nieur qui combine harmonieusement la m\u00e9canique, l&rsquo;\u00e9lectronique, l&rsquo;informatique et l&rsquo;automatique pour concevoir, d\u00e9velopper et optimiser les syst\u00e8mes automobiles.<\/p>\n<p>[\/et_pb_text][\/et_pb_column][\/et_pb_row][et_pb_row column_structure=\u00a0\u00bb1_2,1_2&Prime; _builder_version=\u00a0\u00bb4.26.1&Prime; _module_preset=\u00a0\u00bbdefault\u00a0\u00bb global_colors_info=\u00a0\u00bb{}\u00a0\u00bb][et_pb_column type=\u00a0\u00bb1_2&Prime; _builder_version=\u00a0\u00bb4.26.1&Prime; _module_preset=\u00a0\u00bbdefault\u00a0\u00bb global_colors_info=\u00a0\u00bb{}\u00a0\u00bb][df_adh_heading title_prefix=\u00a0\u00bbOBJECTIFS\u00a0\u00bb _builder_version=\u00a0\u00bb4.26.1&Prime; _module_preset=\u00a0\u00bbdefault\u00a0\u00bb title_font=\u00a0\u00bbPoppins|700|||||||\u00a0\u00bb title_text_color=\u00a0\u00bb#a08237&Prime; global_colors_info=\u00a0\u00bb{}\u00a0\u00bb][\/df_adh_heading][et_pb_text _builder_version=\u00a0\u00bb4.26.1&Prime; _module_preset=\u00a0\u00bbdefault\u00a0\u00bb global_colors_info=\u00a0\u00bb{}\u00a0\u00bb]Les \u00e9tudiants en M\u00e9catronique Automobile d\u00e9veloppent des comp\u00e9tences solides dans :<\/p>\n<p>M\u00e9canique automobile: Moteurs thermiques et \u00e9lectriques, transmission, ch\u00e2ssis, etc.<br \/>\n\u00c9lectronique embarqu\u00e9e: Syst\u00e8mes \u00e9lectroniques de contr\u00f4le, capteurs, actionneurs.<br \/>\nInformatique industrielle: Programmation, automatismes, r\u00e9seaux de communication.<br \/>\nAutomatique: Commande des syst\u00e8mes, r\u00e9gulation, optimisation.[\/et_pb_text][\/et_pb_column][et_pb_column type=\u00a0\u00bb1_2&Prime; _builder_version=\u00a0\u00bb4.26.1&Prime; _module_preset=\u00a0\u00bbdefault\u00a0\u00bb global_colors_info=\u00a0\u00bb{}\u00a0\u00bb][df_adh_heading title_prefix=\u00a0\u00bbDEBOUCHES \u00a0\u00bb _builder_version=\u00a0\u00bb4.26.1&Prime; _module_preset=\u00a0\u00bbdefault\u00a0\u00bb title_font=\u00a0\u00bbPoppins|700|||||||\u00a0\u00bb title_text_align=\u00a0\u00bbleft\u00a0\u00bb title_text_color=\u00a0\u00bb#a08237&Prime; global_colors_info=\u00a0\u00bb{}\u00a0\u00bb][\/df_adh_heading][et_pb_text _builder_version=\u00a0\u00bb4.26.1&Prime; _module_preset=\u00a0\u00bbdefault\u00a0\u00bb global_colors_info=\u00a0\u00bb{}\u00a0\u00bb]Les dipl\u00f4m\u00e9s en M\u00e9catronique Automobile sont tr\u00e8s recherch\u00e9s dans l&rsquo;industrie automobile et au-del\u00e0. Ils peuvent occuper des postes tels que :<\/p>\n<p>Ing\u00e9nieur R&#038;D : Conception de nouveaux v\u00e9hicules et composants.<br \/>\nIng\u00e9nieur calcul et simulation : D\u00e9veloppement de mod\u00e8les num\u00e9riques pour optimiser les performances.<br \/>\nIng\u00e9nieur essais : Validation des prototypes et des v\u00e9hicules de s\u00e9rie.<br \/>\nIng\u00e9nieur production : Optimisation des processus de fabrication.<br \/>\nResponsable qualit\u00e9 : Garantie de la conformit\u00e9 des produits.[\/et_pb_text][\/et_pb_column][\/et_pb_row][et_pb_row column_structure=\u00a0\u00bb1_2,1_2&Prime; _builder_version=\u00a0\u00bb4.26.1&Prime; _module_preset=\u00a0\u00bbdefault\u00a0\u00bb global_colors_info=\u00a0\u00bb{}\u00a0\u00bb locked=\u00a0\u00bboff\u00a0\u00bb][et_pb_column type=\u00a0\u00bb1_2&Prime; _builder_version=\u00a0\u00bb4.26.1&Prime; _module_preset=\u00a0\u00bbdefault\u00a0\u00bb global_colors_info=\u00a0\u00bb{}\u00a0\u00bb][df_adh_heading title_prefix=\u00a0\u00bbADMISSION ET DOSSIER DE CANDIDATURE \u00a0\u00bb _builder_version=\u00a0\u00bb4.26.1&Prime; _module_preset=\u00a0\u00bbdefault\u00a0\u00bb title_font=\u00a0\u00bbPoppins|700|||||||\u00a0\u00bb title_text_color=\u00a0\u00bb#a08237&Prime; global_colors_info=\u00a0\u00bb{}\u00a0\u00bb][\/df_adh_heading][et_pb_divider color=\u00a0\u00bb#a4213c\u00a0\u00bb divider_weight=\u00a0\u00bb3px\u00a0\u00bb _builder_version=\u00a0\u00bb4.26.1&Prime; _module_preset=\u00a0\u00bbdefault\u00a0\u00bb width=\u00a0\u00bb37%\u00a0\u00bb custom_margin=\u00a0\u00bb-29px||-6px||false|false\u00a0\u00bb global_colors_info=\u00a0\u00bb{}\u00a0\u00bb][\/et_pb_divider][et_pb_text _builder_version=\u00a0\u00bb4.26.1&Prime; _module_preset=\u00a0\u00bbdefault\u00a0\u00bb locked=\u00a0\u00bboff\u00a0\u00bb global_colors_info=\u00a0\u00bb{}\u00a0\u00bb]<\/p>\n<p data-sourcepos=\"14:3-15:53\"><strong>L&rsquo;admission se fait sur \u00e9tude de dossier.<\/strong> Merci de constituer un dossier complet comprenant :<\/p>\n<ul data-sourcepos=\"16:3-19:105\">\n<li data-sourcepos=\"16:3-16:93\">Une copie certifi\u00e9e conforme de votre relev\u00e9 de notes ou de votre dipl\u00f4me du baccalaur\u00e9at<\/li>\n<li data-sourcepos=\"17:3-17:70\">Une copie de votre carte nationale d&rsquo;identit\u00e9 en cours de validit\u00e9<\/li>\n<li data-sourcepos=\"18:3-18:55\">Deux photographies d&rsquo;identit\u00e9 r\u00e9centes (format 4&#215;4)<\/li>\n<li data-sourcepos=\"19:3-19:105\">Le formulaire de demande d&rsquo;inscription \u00e0 retirer au secr\u00e9tariat du campus et \u00e0 remplir soigneusement.<\/li>\n<\/ul>\n<p>[\/et_pb_text][\/et_pb_column][et_pb_column type=\u00a0\u00bb1_2&Prime; _builder_version=\u00a0\u00bb4.26.1&Prime; _module_preset=\u00a0\u00bbdefault\u00a0\u00bb global_colors_info=\u00a0\u00bb{}\u00a0\u00bb][et_pb_image src=\u00a0\u00bbhttps:\/\/jfn-univ.com\/wp-content\/uploads\/2024\/08\/banque.jpg\u00a0\u00bb title_text=\u00a0\u00bbbanque\u00a0\u00bb _builder_version=\u00a0\u00bb4.26.1&Prime; _module_preset=\u00a0\u00bbdefault\u00a0\u00bb border_width_all=\u00a0\u00bb3px\u00a0\u00bb border_color_all=\u00a0\u00bb#a4213c\u00a0\u00bb box_shadow_style=\u00a0\u00bbpreset2&Prime; box_shadow_color=\u00a0\u00bb#a4213c\u00a0\u00bb global_colors_info=\u00a0\u00bb{}\u00a0\u00bb][\/et_pb_image][\/et_pb_column][\/et_pb_row][et_pb_row _builder_version=\u00a0\u00bb4.26.1&Prime; _module_preset=\u00a0\u00bbdefault\u00a0\u00bb global_module=\u00a0\u00bb1301&Prime; saved_tabs=\u00a0\u00bball\u00a0\u00bb global_colors_info=\u00a0\u00bb{}\u00a0\u00bb][et_pb_column type=\u00a0\u00bb4_4&Prime; _builder_version=\u00a0\u00bb4.26.1&Prime; _module_preset=\u00a0\u00bbdefault\u00a0\u00bb global_colors_info=\u00a0\u00bb{}\u00a0\u00bb][difl_dual_button alignment=\u00a0\u00bbcenter\u00a0\u00bb btn_left_background_bgcolor=\u00a0\u00bb#a4213c\u00a0\u00bb btn_left_font_icon=\u00a0\u00bb&#xe007;||divi||400&Prime; btn_left_icon_color=\u00a0\u00bb1&Prime; btn_left_icon_placement=\u00a0\u00bbleft\u00a0\u00bb btn_right_background_bgcolor=\u00a0\u00bb#FFFFFF\u00a0\u00bb use_right_button_icon=\u00a0\u00bboff\u00a0\u00bb left_button=\u00a0\u00bbJE ME PRE-INSCRIS  A JFN\u00a0\u00bb left_button_url=\u00a0\u00bbhttps:\/\/jfn-univ.com\/?page_id=12&Prime; left_button_target=\u00a0\u00bbon\u00a0\u00bb right_button_url=\u00a0\u00bbhttp:\/\/localhost\/monsiteweb.tech\/#contact\u00a0\u00bb button_separator=\u00a0\u00bbon\u00a0\u00bb use_icon=\u00a0\u00bbon\u00a0\u00bb font_icon=\u00a0\u00bb&#x45;||divi||400&Prime; icon_color=\u00a0\u00bb#FFFFFF\u00a0\u00bb use_icon_font_size=\u00a0\u00bbon\u00a0\u00bb icon_font_size=\u00a0\u00bb30px\u00a0\u00bb separator_background_bgcolor=\u00a0\u00bb#a4213c\u00a0\u00bb left_button_wrapper_margin=\u00a0\u00bb||||false|false\u00a0\u00bb left_button_padding=\u00a0\u00bb15px|30px|15px|30px|true|true\u00a0\u00bb left_button_padding_tablet=\u00a0\u00bb\u00a0\u00bb left_button_padding_phone=\u00a0\u00bb18px|18px|18px|18px|true|true\u00a0\u00bb left_button_padding_last_edited=\u00a0\u00bbon|phone\u00a0\u00bb right_button_padding=\u00a0\u00bb|18px||18px|false|true\u00a0\u00bb button_separator_margin=\u00a0\u00bb|10px||21px|false|false\u00a0\u00bb button_separator_margin_tablet=\u00a0\u00bb\u00a0\u00bb button_separator_margin_phone=\u00a0\u00bb|0px||11px|false|false\u00a0\u00bb button_separator_margin_last_edited=\u00a0\u00bbon|phone\u00a0\u00bb button_separator_padding=\u00a0\u00bb8px|9px|5px|9px|false|true\u00a0\u00bb button_separator_padding_tablet=\u00a0\u00bb\u00a0\u00bb button_separator_padding_phone=\u00a0\u00bb5px|6px|2px|6px|false|false\u00a0\u00bb button_separator_padding_last_edited=\u00a0\u00bbon|phone\u00a0\u00bb alignment_tablet=\u00a0\u00bbcenter\u00a0\u00bb alignment_phone=\u00a0\u00bbcenter\u00a0\u00bb alignment_last_edited=\u00a0\u00bbon|tablet\u00a0\u00bb _builder_version=\u00a0\u00bb4.26.1&Prime; _module_preset=\u00a0\u00bbdefault\u00a0\u00bb left_button_font=\u00a0\u00bbPoppins|600|||||||\u00a0\u00bb left_button_text_color=\u00a0\u00bb#FFFFFF\u00a0\u00bb left_button_font_size=\u00a0\u00bb15px\u00a0\u00bb right_button_font=\u00a0\u00bbPoppins|700|||||||\u00a0\u00bb right_button_text_color=\u00a0\u00bb#002f8c\u00a0\u00bb right_button_font_size=\u00a0\u00bb16px\u00a0\u00bb separator_text_color=\u00a0\u00bb#FFFFFF\u00a0\u00bb custom_margin=\u00a0\u00bb46px||||false|false\u00a0\u00bb left_button_font_size_tablet=\u00a0\u00bb\u00a0\u00bb left_button_font_size_phone=\u00a0\u00bb12px\u00a0\u00bb left_button_font_size_last_edited=\u00a0\u00bbon|phone\u00a0\u00bb right_button_font_size_tablet=\u00a0\u00bb\u00a0\u00bb right_button_font_size_phone=\u00a0\u00bb12px\u00a0\u00bb right_button_font_size_last_edited=\u00a0\u00bbon|phone\u00a0\u00bb border_radii_left_button=\u00a0\u00bbon|10px|10px|10px|10px\u00a0\u00bb border_radii_separator=\u00a0\u00bbon|170px|170px|170px|170px\u00a0\u00bb border_width_all_separator=\u00a0\u00bb0px\u00a0\u00bb border_color_all_separator=\u00a0\u00bb#083f88&Prime; box_shadow_style_separator=\u00a0\u00bbpreset1&Prime; box_shadow_vertical_separator=\u00a0\u00bb0px\u00a0\u00bb box_shadow_blur_separator=\u00a0\u00bb0px\u00a0\u00bb box_shadow_spread_separator=\u00a0\u00bb5px\u00a0\u00bb box_shadow_color_separator=\u00a0\u00bbrgba(255,134,0,0.31)\u00a0\u00bb box_shadow_style_left_button=\u00a0\u00bbpreset3&Prime; box_shadow_color_left_button=\u00a0\u00bbrgba(0,0,0,0)\u00a0\u00bb locked=\u00a0\u00bboff\u00a0\u00bb global_colors_info=\u00a0\u00bb{}\u00a0\u00bb border_width_all_separator__hover_enabled=\u00a0\u00bbon|desktop\u00a0\u00bb border_width_all_separator__hover=\u00a0\u00bb5px\u00a0\u00bb button_separator_margin__hover_enabled=\u00a0\u00bbon|desktop\u00a0\u00bb button_separator_margin__hover=\u00a0\u00bb|0px|||false|false\u00a0\u00bb box_shadow_color_left_button__hover_enabled=\u00a0\u00bbon|hover\u00a0\u00bb box_shadow_color_left_button__hover=\u00a0\u00bbrgba(0,0,0,0.24)\u00a0\u00bb][\/difl_dual_button][\/et_pb_column][\/et_pb_row][\/et_pb_section][et_pb_section fb_built=\u00a0\u00bb1&Prime; _builder_version=\u00a0\u00bb4.26.1&Prime; _module_preset=\u00a0\u00bbdefault\u00a0\u00bb background_color=\u00a0\u00bb#a08237&Prime; global_module=\u00a0\u00bb915&Prime; locked=\u00a0\u00bboff\u00a0\u00bb global_colors_info=\u00a0\u00bb{}\u00a0\u00bb][et_pb_row _builder_version=\u00a0\u00bb4.26.1&Prime; _module_preset=\u00a0\u00bbdefault\u00a0\u00bb global_colors_info=\u00a0\u00bb{}\u00a0\u00bb][et_pb_column type=\u00a0\u00bb4_4&Prime; _builder_version=\u00a0\u00bb4.26.1&Prime; _module_preset=\u00a0\u00bbdefault\u00a0\u00bb global_colors_info=\u00a0\u00bb{}\u00a0\u00bb][et_pb_text _builder_version=\u00a0\u00bb4.26.1&Prime; _module_preset=\u00a0\u00bbdefault\u00a0\u00bb text_font=\u00a0\u00bbPoppins|700|||||||\u00a0\u00bb text_text_color=\u00a0\u00bb#000000&Prime; text_font_size=\u00a0\u00bb29px\u00a0\u00bb text_orientation=\u00a0\u00bbcenter\u00a0\u00bb global_colors_info=\u00a0\u00bb{}\u00a0\u00bb]<\/p>\n<p>En Savoir Plus ?<\/p>\n<p>[\/et_pb_text][et_pb_text _builder_version=\u00a0\u00bb4.26.1&Prime; _module_preset=\u00a0\u00bbdefault\u00a0\u00bb text_font=\u00a0\u00bbPoppins|500|||||||\u00a0\u00bb text_text_color=\u00a0\u00bb#FFFFFF\u00a0\u00bb header_font=\u00a0\u00bb|600|||||||\u00a0\u00bb header_4_font=\u00a0\u00bb|600|||||||\u00a0\u00bb text_orientation=\u00a0\u00bbcenter\u00a0\u00bb custom_margin=\u00a0\u00bb-24px||||false|false\u00a0\u00bb global_colors_info=\u00a0\u00bb{}\u00a0\u00bb]<\/p>\n<h4>Demandez une documentation !<\/h4>\n<p>[\/et_pb_text][\/et_pb_column][\/et_pb_row][et_pb_row _builder_version=\u00a0\u00bb4.26.1&Prime; _module_preset=\u00a0\u00bbdefault\u00a0\u00bb width=\u00a0\u00bb44%\u00a0\u00bb width_tablet=\u00a0\u00bb44%\u00a0\u00bb width_phone=\u00a0\u00bb90%\u00a0\u00bb width_last_edited=\u00a0\u00bbon|phone\u00a0\u00bb max_width=\u00a0\u00bb1087px\u00a0\u00bb module_alignment=\u00a0\u00bbcenter\u00a0\u00bb custom_margin=\u00a0\u00bb-58px||||false|false\u00a0\u00bb global_colors_info=\u00a0\u00bb{}\u00a0\u00bb][et_pb_column type=\u00a0\u00bb4_4&Prime; _builder_version=\u00a0\u00bb4.26.1&Prime; _module_preset=\u00a0\u00bbdefault\u00a0\u00bb global_colors_info=\u00a0\u00bb{}\u00a0\u00bb][difl_wpforms wpforms=\u00a0\u00bb280272&Prime; _builder_version=\u00a0\u00bb4.26.1&Prime; _module_preset=\u00a0\u00bbdefault\u00a0\u00bb global_colors_info=\u00a0\u00bb{}\u00a0\u00bb][\/difl_wpforms][\/et_pb_column][\/et_pb_row][\/et_pb_section]<\/p>\n","protected":false},"excerpt":{"rendered":"<p><div class=\"et_pb_module df_adh_heading df_adh_heading_0\">\n\t\t\t\t\n\t\t\t\t\n\t\t\t\t\n\t\t\t\t\n\t\t\t\t\n\t\t\t\t\n\t\t\t\t<div class=\"et_pb_module_inner\">\n\t\t\t\t\t<div class=\"df-heading-container\">\r\n                \r\n                \r\n                <h4 class=\"df-heading\"><span class=\"prefix\">M\u00e9catronique Automobile<\/span>  <\/h4>\r\n                \r\n            <\/div>\n\t\t\t\t<\/div>\n\t\t\t<\/div>La Licence M\u00e9catronique Automobile est une formation d&rsquo;ing\u00e9nieur qui combine harmonieusement la m\u00e9canique, l&rsquo;\u00e9lectronique, l&rsquo;informatique et l&rsquo;automatique pour concevoir, d\u00e9velopper et optimiser les syst\u00e8mes automobiles.<div class=\"et_pb_module df_adh_heading df_adh_heading_1\">\n\t\t\t\t\n\t\t\t\t\n\t\t\t\t\n\t\t\t\t\n\t\t\t\t\n\t\t\t\t\n\t\t\t\t<div class=\"et_pb_module_inner\">\n\t\t\t\t\t<div class=\"df-heading-container\">\r\n                \r\n                \r\n                <h4 class=\"df-heading\"><span class=\"prefix\">OBJECTIFS<\/span>  <\/h4>\r\n                \r\n            <\/div>\n\t\t\t\t<\/div>\n\t\t\t<\/div>Les \u00e9tudiants en M\u00e9catronique Automobile d\u00e9veloppent des comp\u00e9tences solides dans : M\u00e9canique automobile: Moteurs thermiques et \u00e9lectriques, transmission, [&hellip;]<\/p>\n","protected":false},"author":1,"featured_media":0,"parent":442,"menu_order":0,"comment_status":"closed","ping_status":"closed","template":"","meta":{"_et_pb_use_builder":"on","_et_pb_old_content":"","_et_gb_content_width":"","_monsterinsights_skip_tracking":false,"_monsterinsights_sitenote_active":false,"_monsterinsights_sitenote_note":"","_monsterinsights_sitenote_category":0,"footnotes":""},"class_list":["post-559","page","type-page","status-publish","hentry"],"yoast_head":"<!-- This site is optimized with the Yoast SEO plugin v27.4 - https:\/\/yoast.com\/product\/yoast-seo-wordpress\/ -->\n<title>M\u00e9catronique Automobile - JFN-HUI<\/title>\n<meta name=\"robots\" content=\"index, follow, max-snippet:-1, max-image-preview:large, max-video-preview:-1\" \/>\n<link rel=\"canonical\" href=\"https:\/\/jfn-univ.com\/index.php\/licence\/licence-de-technologie-scientifque\/mecatronique-automobile-licence\/\" \/>\n<meta property=\"og:locale\" content=\"fr_FR\" \/>\n<meta property=\"og:type\" content=\"article\" \/>\n<meta property=\"og:title\" content=\"M\u00e9catronique Automobile - JFN-HUI\" \/>\n<meta property=\"og:description\" content=\"La Licence M\u00e9catronique Automobile est une formation d&#039;ing\u00e9nieur qui combine harmonieusement la m\u00e9canique, l&#039;\u00e9lectronique, l&#039;informatique et l&#039;automatique pour concevoir, d\u00e9velopper et optimiser les syst\u00e8mes automobiles.Les \u00e9tudiants en M\u00e9catronique Automobile d\u00e9veloppent des comp\u00e9tences solides dans : M\u00e9canique automobile: Moteurs thermiques et \u00e9lectriques, transmission, [&hellip;]\" \/>\n<meta property=\"og:url\" content=\"https:\/\/jfn-univ.com\/index.php\/licence\/licence-de-technologie-scientifque\/mecatronique-automobile-licence\/\" \/>\n<meta property=\"og:site_name\" content=\"JFN-HUI\" \/>\n<meta property=\"article:modified_time\" content=\"2025-07-01T09:12:08+00:00\" \/>\n<meta name=\"twitter:card\" content=\"summary_large_image\" \/>\n<meta name=\"twitter:label1\" content=\"Dur\u00e9e de lecture estim\u00e9e\" \/>\n\t<meta name=\"twitter:data1\" content=\"6 minutes\" \/>\n<script type=\"application\/ld+json\" class=\"yoast-schema-graph\">{\"@context\":\"https:\\\/\\\/schema.org\",\"@graph\":[{\"@type\":\"WebPage\",\"@id\":\"https:\\\/\\\/jfn-univ.com\\\/index.php\\\/licence\\\/licence-de-technologie-scientifque\\\/mecatronique-automobile-licence\\\/\",\"url\":\"https:\\\/\\\/jfn-univ.com\\\/index.php\\\/licence\\\/licence-de-technologie-scientifque\\\/mecatronique-automobile-licence\\\/\",\"name\":\"M\u00e9catronique Automobile - JFN-HUI\",\"isPartOf\":{\"@id\":\"https:\\\/\\\/jfn-univ.com\\\/#website\"},\"datePublished\":\"2024-07-26T13:34:55+00:00\",\"dateModified\":\"2025-07-01T09:12:08+00:00\",\"breadcrumb\":{\"@id\":\"https:\\\/\\\/jfn-univ.com\\\/index.php\\\/licence\\\/licence-de-technologie-scientifque\\\/mecatronique-automobile-licence\\\/#breadcrumb\"},\"inLanguage\":\"fr-FR\",\"potentialAction\":[{\"@type\":\"ReadAction\",\"target\":[\"https:\\\/\\\/jfn-univ.com\\\/index.php\\\/licence\\\/licence-de-technologie-scientifque\\\/mecatronique-automobile-licence\\\/\"]}]},{\"@type\":\"BreadcrumbList\",\"@id\":\"https:\\\/\\\/jfn-univ.com\\\/index.php\\\/licence\\\/licence-de-technologie-scientifque\\\/mecatronique-automobile-licence\\\/#breadcrumb\",\"itemListElement\":[{\"@type\":\"ListItem\",\"position\":1,\"name\":\"Home\",\"item\":\"https:\\\/\\\/jfn-univ.com\\\/\"},{\"@type\":\"ListItem\",\"position\":2,\"name\":\"Licence\",\"item\":\"https:\\\/\\\/jfn-univ.com\\\/index.php\\\/licence\\\/\"},{\"@type\":\"ListItem\",\"position\":3,\"name\":\"Licence de technologie scientifque\",\"item\":\"https:\\\/\\\/jfn-univ.com\\\/index.php\\\/licence\\\/licence-de-technologie-scientifque\\\/\"},{\"@type\":\"ListItem\",\"position\":4,\"name\":\"M\u00e9catronique Automobile\"}]},{\"@type\":\"WebSite\",\"@id\":\"https:\\\/\\\/jfn-univ.com\\\/#website\",\"url\":\"https:\\\/\\\/jfn-univ.com\\\/\",\"name\":\"JFN HUI\",\"description\":\"innovation for a better world\",\"publisher\":{\"@id\":\"https:\\\/\\\/jfn-univ.com\\\/#organization\"},\"potentialAction\":[{\"@type\":\"SearchAction\",\"target\":{\"@type\":\"EntryPoint\",\"urlTemplate\":\"https:\\\/\\\/jfn-univ.com\\\/?s={search_term_string}\"},\"query-input\":{\"@type\":\"PropertyValueSpecification\",\"valueRequired\":true,\"valueName\":\"search_term_string\"}}],\"inLanguage\":\"fr-FR\"},{\"@type\":\"Organization\",\"@id\":\"https:\\\/\\\/jfn-univ.com\\\/#organization\",\"name\":\"JFN hui\",\"url\":\"https:\\\/\\\/jfn-univ.com\\\/\",\"logo\":{\"@type\":\"ImageObject\",\"inLanguage\":\"fr-FR\",\"@id\":\"https:\\\/\\\/jfn-univ.com\\\/#\\\/schema\\\/logo\\\/image\\\/\",\"url\":\"https:\\\/\\\/jfn-univ.com\\\/wp-content\\\/uploads\\\/2024\\\/07\\\/jfn-hui-logo.png\",\"contentUrl\":\"https:\\\/\\\/jfn-univ.com\\\/wp-content\\\/uploads\\\/2024\\\/07\\\/jfn-hui-logo.png\",\"width\":198,\"height\":52,\"caption\":\"JFN hui\"},\"image\":{\"@id\":\"https:\\\/\\\/jfn-univ.com\\\/#\\\/schema\\\/logo\\\/image\\\/\"}}]}<\/script>\n<!-- \/ Yoast SEO plugin. -->","yoast_head_json":{"title":"M\u00e9catronique Automobile - JFN-HUI","robots":{"index":"index","follow":"follow","max-snippet":"max-snippet:-1","max-image-preview":"max-image-preview:large","max-video-preview":"max-video-preview:-1"},"canonical":"https:\/\/jfn-univ.com\/index.php\/licence\/licence-de-technologie-scientifque\/mecatronique-automobile-licence\/","og_locale":"fr_FR","og_type":"article","og_title":"M\u00e9catronique Automobile - JFN-HUI","og_description":"La Licence M\u00e9catronique Automobile est une formation d'ing\u00e9nieur qui combine harmonieusement la m\u00e9canique, l'\u00e9lectronique, l'informatique et l'automatique pour concevoir, d\u00e9velopper et optimiser les syst\u00e8mes automobiles.Les \u00e9tudiants en M\u00e9catronique Automobile d\u00e9veloppent des comp\u00e9tences solides dans : M\u00e9canique automobile: Moteurs thermiques et \u00e9lectriques, transmission, [&hellip;]","og_url":"https:\/\/jfn-univ.com\/index.php\/licence\/licence-de-technologie-scientifque\/mecatronique-automobile-licence\/","og_site_name":"JFN-HUI","article_modified_time":"2025-07-01T09:12:08+00:00","twitter_card":"summary_large_image","twitter_misc":{"Dur\u00e9e de lecture estim\u00e9e":"6 minutes"},"schema":{"@context":"https:\/\/schema.org","@graph":[{"@type":"WebPage","@id":"https:\/\/jfn-univ.com\/index.php\/licence\/licence-de-technologie-scientifque\/mecatronique-automobile-licence\/","url":"https:\/\/jfn-univ.com\/index.php\/licence\/licence-de-technologie-scientifque\/mecatronique-automobile-licence\/","name":"M\u00e9catronique Automobile - JFN-HUI","isPartOf":{"@id":"https:\/\/jfn-univ.com\/#website"},"datePublished":"2024-07-26T13:34:55+00:00","dateModified":"2025-07-01T09:12:08+00:00","breadcrumb":{"@id":"https:\/\/jfn-univ.com\/index.php\/licence\/licence-de-technologie-scientifque\/mecatronique-automobile-licence\/#breadcrumb"},"inLanguage":"fr-FR","potentialAction":[{"@type":"ReadAction","target":["https:\/\/jfn-univ.com\/index.php\/licence\/licence-de-technologie-scientifque\/mecatronique-automobile-licence\/"]}]},{"@type":"BreadcrumbList","@id":"https:\/\/jfn-univ.com\/index.php\/licence\/licence-de-technologie-scientifque\/mecatronique-automobile-licence\/#breadcrumb","itemListElement":[{"@type":"ListItem","position":1,"name":"Home","item":"https:\/\/jfn-univ.com\/"},{"@type":"ListItem","position":2,"name":"Licence","item":"https:\/\/jfn-univ.com\/index.php\/licence\/"},{"@type":"ListItem","position":3,"name":"Licence de technologie scientifque","item":"https:\/\/jfn-univ.com\/index.php\/licence\/licence-de-technologie-scientifque\/"},{"@type":"ListItem","position":4,"name":"M\u00e9catronique Automobile"}]},{"@type":"WebSite","@id":"https:\/\/jfn-univ.com\/#website","url":"https:\/\/jfn-univ.com\/","name":"JFN HUI","description":"innovation for a better world","publisher":{"@id":"https:\/\/jfn-univ.com\/#organization"},"potentialAction":[{"@type":"SearchAction","target":{"@type":"EntryPoint","urlTemplate":"https:\/\/jfn-univ.com\/?s={search_term_string}"},"query-input":{"@type":"PropertyValueSpecification","valueRequired":true,"valueName":"search_term_string"}}],"inLanguage":"fr-FR"},{"@type":"Organization","@id":"https:\/\/jfn-univ.com\/#organization","name":"JFN hui","url":"https:\/\/jfn-univ.com\/","logo":{"@type":"ImageObject","inLanguage":"fr-FR","@id":"https:\/\/jfn-univ.com\/#\/schema\/logo\/image\/","url":"https:\/\/jfn-univ.com\/wp-content\/uploads\/2024\/07\/jfn-hui-logo.png","contentUrl":"https:\/\/jfn-univ.com\/wp-content\/uploads\/2024\/07\/jfn-hui-logo.png","width":198,"height":52,"caption":"JFN hui"},"image":{"@id":"https:\/\/jfn-univ.com\/#\/schema\/logo\/image\/"}}]}},"lang":"fr","translations":{"fr":559},"pll_sync_post":[],"_links":{"self":[{"href":"https:\/\/jfn-univ.com\/index.php\/wp-json\/wp\/v2\/pages\/559","targetHints":{"allow":["GET"]}}],"collection":[{"href":"https:\/\/jfn-univ.com\/index.php\/wp-json\/wp\/v2\/pages"}],"about":[{"href":"https:\/\/jfn-univ.com\/index.php\/wp-json\/wp\/v2\/types\/page"}],"author":[{"embeddable":true,"href":"https:\/\/jfn-univ.com\/index.php\/wp-json\/wp\/v2\/users\/1"}],"replies":[{"embeddable":true,"href":"https:\/\/jfn-univ.com\/index.php\/wp-json\/wp\/v2\/comments?post=559"}],"version-history":[{"count":13,"href":"https:\/\/jfn-univ.com\/index.php\/wp-json\/wp\/v2\/pages\/559\/revisions"}],"predecessor-version":[{"id":282605,"href":"https:\/\/jfn-univ.com\/index.php\/wp-json\/wp\/v2\/pages\/559\/revisions\/282605"}],"up":[{"embeddable":true,"href":"https:\/\/jfn-univ.com\/index.php\/wp-json\/wp\/v2\/pages\/442"}],"wp:attachment":[{"href":"https:\/\/jfn-univ.com\/index.php\/wp-json\/wp\/v2\/media?parent=559"}],"curies":[{"name":"wp","href":"https:\/\/api.w.org\/{rel}","templated":true}]}}