{"id":340,"date":"2024-07-24T16:42:50","date_gmt":"2024-07-24T14:42:50","guid":{"rendered":"https:\/\/jfn-univ.com\/?page_id=340"},"modified":"2025-07-01T09:13:35","modified_gmt":"2025-07-01T08:13:35","slug":"genie-logiciel","status":"publish","type":"page","link":"https:\/\/jfn-univ.com\/index.php\/formations\/bts\/genie-logiciel\/","title":{"rendered":"Genie Logiciel"},"content":{"rendered":"<p>[et_pb_section fb_built=\u00a0\u00bb1&Prime; _builder_version=\u00a0\u00bb4.26.1&Prime; _module_preset=\u00a0\u00bbdefault\u00a0\u00bb background_image=\u00a0\u00bbhttps:\/\/jfn-univ.com\/wp-content\/uploads\/2025\/06\/Bac-plus-2-BTS-2.jpg\u00a0\u00bb hover_enabled=\u00a0\u00bb0&Prime; global_colors_info=\u00a0\u00bb{}\u00a0\u00bb title_text=\u00a0\u00bbBac plus 2 BTS\u00a0\u00bb sticky_enabled=\u00a0\u00bb0&Prime;][et_pb_row _builder_version=\u00a0\u00bb4.26.1&Prime; _module_preset=\u00a0\u00bbdefault\u00a0\u00bb global_colors_info=\u00a0\u00bb{}\u00a0\u00bb][et_pb_column type=\u00a0\u00bb4_4&Prime; _builder_version=\u00a0\u00bb4.26.1&Prime; _module_preset=\u00a0\u00bbdefault\u00a0\u00bb global_colors_info=\u00a0\u00bb{}\u00a0\u00bb][\/et_pb_column][\/et_pb_row][\/et_pb_section][et_pb_section fb_built=\u00a0\u00bb1&Prime; _builder_version=\u00a0\u00bb4.26.1&Prime; _module_preset=\u00a0\u00bbdefault\u00a0\u00bb global_colors_info=\u00a0\u00bb{}\u00a0\u00bb][et_pb_row _builder_version=\u00a0\u00bb4.26.1&Prime; _module_preset=\u00a0\u00bbdefault\u00a0\u00bb global_colors_info=\u00a0\u00bb{}\u00a0\u00bb][et_pb_column type=\u00a0\u00bb4_4&Prime; _builder_version=\u00a0\u00bb4.26.1&Prime; _module_preset=\u00a0\u00bbdefault\u00a0\u00bb global_colors_info=\u00a0\u00bb{}\u00a0\u00bb][df_adh_heading title_prefix=\u00a0\u00bbG\u00e9nie Logiciel\u00a0\u00bb _builder_version=\u00a0\u00bb4.26.1&Prime; _module_preset=\u00a0\u00bbdefault\u00a0\u00bb t_prefix_font=\u00a0\u00bbPoppins|600|||||||\u00a0\u00bb t_prefix_text_color=\u00a0\u00bb#a4213c\u00a0\u00bb global_colors_info=\u00a0\u00bb{}\u00a0\u00bb][\/df_adh_heading][et_pb_text _builder_version=\u00a0\u00bb4.26.1&Prime; _module_preset=\u00a0\u00bbdefault\u00a0\u00bb text_orientation=\u00a0\u00bbcenter\u00a0\u00bb global_colors_info=\u00a0\u00bb{}\u00a0\u00bb]Le BTS G\u00e9nie Logiciel : Former les architectes du num\u00e9rique<br \/>\nLe BTS G\u00e9nie Logiciel est une formation de haut niveau qui vise \u00e0 former des professionnels capables de concevoir, d\u00e9velopper et maintenir des applications informatiques. Ces techniciens sup\u00e9rieurs jouent un r\u00f4le cl\u00e9 dans le d\u00e9veloppement de logiciels, qu&rsquo;ils soient destin\u00e9s aux entreprises, aux particuliers ou \u00e0 des usages sp\u00e9cifiques.[\/et_pb_text][\/et_pb_column][\/et_pb_row][et_pb_row column_structure=\u00a0\u00bb1_2,1_2&Prime; _builder_version=\u00a0\u00bb4.26.1&Prime; _module_preset=\u00a0\u00bbdefault\u00a0\u00bb global_colors_info=\u00a0\u00bb{}\u00a0\u00bb][et_pb_column type=\u00a0\u00bb1_2&Prime; _builder_version=\u00a0\u00bb4.26.1&Prime; _module_preset=\u00a0\u00bbdefault\u00a0\u00bb global_colors_info=\u00a0\u00bb{}\u00a0\u00bb][df_adh_heading title_prefix=\u00a0\u00bbPARCOURS  \u00a0\u00bb _builder_version=\u00a0\u00bb4.26.1&Prime; _module_preset=\u00a0\u00bbdefault\u00a0\u00bb title_font=\u00a0\u00bbPoppins|700|||||||\u00a0\u00bb title_text_color=\u00a0\u00bb#a08237&Prime; global_colors_info=\u00a0\u00bb{}\u00a0\u00bb][\/df_adh_heading][et_pb_divider color=\u00a0\u00bb#a4213c\u00a0\u00bb divider_weight=\u00a0\u00bb4px\u00a0\u00bb _builder_version=\u00a0\u00bb4.26.1&Prime; _module_preset=\u00a0\u00bbdefault\u00a0\u00bb width=\u00a0\u00bb37%\u00a0\u00bb custom_margin=\u00a0\u00bb-22px||-10px||false|false\u00a0\u00bb locked=\u00a0\u00bboff\u00a0\u00bb global_colors_info=\u00a0\u00bb{}\u00a0\u00bb][\/et_pb_divider][et_pb_text _builder_version=\u00a0\u00bb4.26.1&Prime; _module_preset=\u00a0\u00bbdefault\u00a0\u00bb global_colors_info=\u00a0\u00bb{}\u00a0\u00bb]<p\">Le parcours type d&rsquo;un \u00e9tudiant en BTS G\u00e9nie Logiciel<\/p>\n<p data-sourcepos=\"7:1-7:142\"><span>Le parcours d&rsquo;un \u00e9tudiant en BTS G\u00e9nie Logiciel est essentiellement tourn\u00e9 vers la pratique.<\/span><span> Il alterne cours th\u00e9oriques et projets concrets :<\/span><\/p>\n<ul data-sourcepos=\"9:1-9:62\">\n<li data-sourcepos=\"9:1-9:62\"><strong>Cours th\u00e9oriques:<\/strong><span> Ces cours couvrent les fondamentaux de l&rsquo;informatique,<\/span><span> de la programmation,<\/span><span> des bases de donn\u00e9es,<\/span><span> des r\u00e9seaux,<\/span><span> ainsi que les m\u00e9thodologies de d\u00e9veloppement logiciel.<\/span><\/li>\n<li data-sourcepos=\"10:1-10:180\"><strong>Projets:<\/strong><span> Les \u00e9tudiants travaillent sur des projets en \u00e9quipe,<\/span><span> leur permettant de mettre en pratique leurs connaissances et de d\u00e9velopper des comp\u00e9tences en gestion de projet.<\/span><\/li>\n<li data-sourcepos=\"11:1-12:0\"><strong>Stages:<\/strong><span> Les stages en entreprise sont obligatoires et offrent aux \u00e9tudiants l&rsquo;opportunit\u00e9 de d\u00e9couvrir les r\u00e9alit\u00e9s du m\u00e9tier de d\u00e9veloppeur et de renforcer leur r\u00e9seau professionnel.<\/span><\/li>\n<\/ul>\n<p>[\/et_pb_text][\/et_pb_column][et_pb_column type=\u00a0\u00bb1_2&Prime; _builder_version=\u00a0\u00bb4.26.1&Prime; _module_preset=\u00a0\u00bbdefault\u00a0\u00bb global_colors_info=\u00a0\u00bb{}\u00a0\u00bb][df_adh_heading title_prefix=\u00a0\u00bbPROGRAMME\u00a0\u00bb _builder_version=\u00a0\u00bb4.26.1&Prime; _module_preset=\u00a0\u00bbdefault\u00a0\u00bb title_font=\u00a0\u00bbPoppins|700|||||||\u00a0\u00bb title_text_color=\u00a0\u00bb#a08237&Prime; global_colors_info=\u00a0\u00bb{}\u00a0\u00bb][\/df_adh_heading][et_pb_divider color=\u00a0\u00bb#a4213c\u00a0\u00bb divider_weight=\u00a0\u00bb4px\u00a0\u00bb _builder_version=\u00a0\u00bb4.26.1&Prime; _module_preset=\u00a0\u00bbdefault\u00a0\u00bb width=\u00a0\u00bb37%\u00a0\u00bb custom_margin=\u00a0\u00bb-22px||-10px||false|false\u00a0\u00bb locked=\u00a0\u00bboff\u00a0\u00bb global_colors_info=\u00a0\u00bb{}\u00a0\u00bb][\/et_pb_divider][et_pb_text _builder_version=\u00a0\u00bb4.26.1&Prime; _module_preset=\u00a0\u00bbdefault\u00a0\u00bb global_colors_info=\u00a0\u00bb{}\u00a0\u00bb]<\/p>\n<p data-sourcepos=\"15:1-15:118\"><span>Le programme d\u00e9taill\u00e9 peut varier d&rsquo;un \u00e9tablissement \u00e0 l&rsquo;autre,<\/span><span> mais il comprend g\u00e9n\u00e9ralement les mati\u00e8res suivantes :<\/span><span><\/span><span><\/span><\/p>\n<table border=\"1\" style=\"border-collapse: collapse; width: 100%;\">\n<tbody>\n<tr>\n<td style=\"width: 50%;\">\n<p><strong>Fondamentaux:<\/strong><\/p>\n<ul data-sourcepos=\"18:5-22:13\">\n<li data-sourcepos=\"18:5-18:19\"><span>Math\u00e9matiques<\/span><\/li>\n<li data-sourcepos=\"19:5-19:19\"><span>Algorithmique<\/span><\/li>\n<li data-sourcepos=\"20:5-20:27\"><span>Structures de donn\u00e9es<\/span><\/li>\n<li data-sourcepos=\"21:5-21:22\"><span>Bases de donn\u00e9es<\/span><\/li>\n<li data-sourcepos=\"22:5-22:13\"><span>R\u00e9seaux<\/span><\/li>\n<li data-sourcepos=\"22:5-22:13\"><span><span><strong>M\u00e9thodologies de d\u00e9veloppement:<\/strong><\/span><\/span>\n<ul data-sourcepos=\"28:5-31:0\">\n<li data-sourcepos=\"28:5-28:21\"><span>M\u00e9thodes agiles<\/span><\/li>\n<li data-sourcepos=\"29:5-29:22\"><span>Mod\u00e9lisation UML<\/span><\/li>\n<li data-sourcepos=\"30:5-31:0\"><span>Gestion de projet<\/span><\/li>\n<\/ul>\n<\/li>\n<\/ul>\n<\/td>\n<td style=\"width: 50%;\">\n<p><strong>Programmation:<\/strong><\/p>\n<ul data-sourcepos=\"24:5-26:42\">\n<li data-sourcepos=\"24:5-24:55\"><span>Langages de programmation (C,<\/span><span> Java,<\/span><span> Python,<\/span><span> etc.<\/span><span>)<\/span><\/li>\n<li data-sourcepos=\"25:5-25:38\"><span>D\u00e9veloppement d&rsquo;applications web<\/span><\/li>\n<li data-sourcepos=\"26:5-26:42\"><span>D\u00e9veloppement d&rsquo;applications mobiles<\/span><\/li>\n<\/ul>\n<\/td>\n<\/tr>\n<\/tbody>\n<\/table>\n<p>[\/et_pb_text][\/et_pb_column][\/et_pb_row][et_pb_row column_structure=\u00a0\u00bb1_2,1_2&Prime; _builder_version=\u00a0\u00bb4.26.1&Prime; _module_preset=\u00a0\u00bbdefault\u00a0\u00bb global_colors_info=\u00a0\u00bb{}\u00a0\u00bb][et_pb_column type=\u00a0\u00bb1_2&Prime; _builder_version=\u00a0\u00bb4.26.1&Prime; _module_preset=\u00a0\u00bbdefault\u00a0\u00bb global_colors_info=\u00a0\u00bb{}\u00a0\u00bb][df_adh_heading title_prefix=\u00a0\u00bbOBJECTIFS\u00a0\u00bb _builder_version=\u00a0\u00bb4.26.1&Prime; _module_preset=\u00a0\u00bbdefault\u00a0\u00bb title_font=\u00a0\u00bbPoppins|700|||||||\u00a0\u00bb title_text_color=\u00a0\u00bb#a08237&Prime; global_colors_info=\u00a0\u00bb{}\u00a0\u00bb][\/df_adh_heading][et_pb_divider color=\u00a0\u00bb#a4213c\u00a0\u00bb divider_weight=\u00a0\u00bb4px\u00a0\u00bb _builder_version=\u00a0\u00bb4.26.1&Prime; _module_preset=\u00a0\u00bbdefault\u00a0\u00bb width=\u00a0\u00bb37%\u00a0\u00bb custom_margin=\u00a0\u00bb-22px||-10px||false|false\u00a0\u00bb locked=\u00a0\u00bboff\u00a0\u00bb global_colors_info=\u00a0\u00bb{}\u00a0\u00bb][\/et_pb_divider][et_pb_text _builder_version=\u00a0\u00bb4.26.1&Prime; _module_preset=\u00a0\u00bbdefault\u00a0\u00bb global_colors_info=\u00a0\u00bb{}\u00a0\u00bb]Au cours de ce BTS, vous d\u00e9velopperez un ensemble de comp\u00e9tences essentielles pour exercer le m\u00e9tier de d\u00e9veloppeur :<\/p>\n<p>Ma\u00eetrise des langages de programmation: Vous apprendrez \u00e0 coder en utilisant diff\u00e9rents langages comme Java, Python, C++, etc.<br \/>\nConception d&rsquo;applications: Vous serez capable de concevoir des architectures logicielles robustes et efficaces.<br \/>\nBases de donn\u00e9es: Vous apprendrez \u00e0 g\u00e9rer et \u00e0 interroger des bases de donn\u00e9es relationnelles et non relationnelles.<br \/>\nGestion de projet: Vous serez form\u00e9 aux m\u00e9thodes de gestion de projet pour mener \u00e0 bien vos d\u00e9veloppements.<br \/>\nQualit\u00e9 logicielle: Vous acquerrez les connaissances n\u00e9cessaires pour assurer la qualit\u00e9 des logiciels que vous produisez.[\/et_pb_text][\/et_pb_column][et_pb_column type=\u00a0\u00bb1_2&Prime; _builder_version=\u00a0\u00bb4.26.1&Prime; _module_preset=\u00a0\u00bbdefault\u00a0\u00bb global_colors_info=\u00a0\u00bb{}\u00a0\u00bb][df_adh_heading title_prefix=\u00a0\u00bbDEBOUCHES \u00a0\u00bb _builder_version=\u00a0\u00bb4.26.1&Prime; _module_preset=\u00a0\u00bbdefault\u00a0\u00bb title_font=\u00a0\u00bbPoppins|700|||||||\u00a0\u00bb title_text_align=\u00a0\u00bbleft\u00a0\u00bb title_text_color=\u00a0\u00bb#a08237&Prime; global_colors_info=\u00a0\u00bb{}\u00a0\u00bb][\/df_adh_heading][et_pb_divider color=\u00a0\u00bb#a4213c\u00a0\u00bb divider_weight=\u00a0\u00bb4px\u00a0\u00bb _builder_version=\u00a0\u00bb4.26.1&Prime; _module_preset=\u00a0\u00bbdefault\u00a0\u00bb width=\u00a0\u00bb37%\u00a0\u00bb custom_margin=\u00a0\u00bb-22px||-10px||false|false\u00a0\u00bb locked=\u00a0\u00bboff\u00a0\u00bb global_colors_info=\u00a0\u00bb{}\u00a0\u00bb][\/et_pb_divider][et_pb_text _builder_version=\u00a0\u00bb4.26.1&Prime; _module_preset=\u00a0\u00bbdefault\u00a0\u00bb global_colors_info=\u00a0\u00bb{}\u00a0\u00bb]Les dipl\u00f4m\u00e9s du BTS G\u00e9nie Logiciel sont tr\u00e8s recherch\u00e9s sur le march\u00e9 du travail. Ils peuvent exercer de nombreuses fonctions :<\/p>\n<p>D\u00e9veloppeur d&rsquo;applications: Vous concevrez et d\u00e9velopperez des logiciels sur mesure pour r\u00e9pondre aux besoins sp\u00e9cifiques de vos clients.<br \/>\nIng\u00e9nieur d&rsquo;\u00e9tudes: Vous analyserez les besoins des utilisateurs et r\u00e9aliserez des sp\u00e9cifications techniques.<br \/>\nChef de projet informatique: Vous serez responsable de la conduite de projets informatiques de A \u00e0 Z.<br \/>\nConsultant en informatique: Vous apporterez votre expertise \u00e0 des entreprises pour les accompagner dans leurs projets de d\u00e9veloppement.[\/et_pb_text][\/et_pb_column][\/et_pb_row][et_pb_row column_structure=\u00a0\u00bb1_2,1_2&Prime; _builder_version=\u00a0\u00bb4.26.1&Prime; _module_preset=\u00a0\u00bbdefault\u00a0\u00bb global_colors_info=\u00a0\u00bb{}\u00a0\u00bb][et_pb_column type=\u00a0\u00bb1_2&Prime; _builder_version=\u00a0\u00bb4.26.1&Prime; _module_preset=\u00a0\u00bbdefault\u00a0\u00bb global_colors_info=\u00a0\u00bb{}\u00a0\u00bb][df_adh_heading title_prefix=\u00a0\u00bbDOSSIER DE CANDIDATURE \u00a0\u00bb _builder_version=\u00a0\u00bb4.26.1&Prime; _module_preset=\u00a0\u00bbdefault\u00a0\u00bb title_font=\u00a0\u00bbPoppins|700|||||||\u00a0\u00bb title_text_color=\u00a0\u00bb#a08237&Prime; global_colors_info=\u00a0\u00bb{}\u00a0\u00bb][\/df_adh_heading][et_pb_divider color=\u00a0\u00bb#a4213c\u00a0\u00bb divider_weight=\u00a0\u00bb4px\u00a0\u00bb _builder_version=\u00a0\u00bb4.26.1&Prime; _module_preset=\u00a0\u00bbdefault\u00a0\u00bb width=\u00a0\u00bb37%\u00a0\u00bb custom_margin=\u00a0\u00bb-22px||-10px||false|false\u00a0\u00bb locked=\u00a0\u00bboff\u00a0\u00bb global_colors_info=\u00a0\u00bb{}\u00a0\u00bb][\/et_pb_divider][et_pb_text _builder_version=\u00a0\u00bb4.26.1&Prime; _module_preset=\u00a0\u00bbdefault\u00a0\u00bb locked=\u00a0\u00bboff\u00a0\u00bb global_colors_info=\u00a0\u00bb{}\u00a0\u00bb]<\/p>\n<p data-sourcepos=\"14:3-15:53\"><strong>L&rsquo;admission se fait sur \u00e9tude de dossier.<\/strong> Merci de constituer un dossier complet comprenant :<\/p>\n<ul data-sourcepos=\"16:3-19:105\">\n<li data-sourcepos=\"16:3-16:93\">Une copie certifi\u00e9e conforme de votre relev\u00e9 de notes ou de votre dipl\u00f4me du baccalaur\u00e9at<\/li>\n<li data-sourcepos=\"17:3-17:70\">Une copie de votre carte nationale d&rsquo;identit\u00e9 en cours de validit\u00e9<\/li>\n<li data-sourcepos=\"18:3-18:55\">Deux photographies d&rsquo;identit\u00e9 r\u00e9centes (format 4&#215;4)<\/li>\n<li data-sourcepos=\"19:3-19:105\">Le formulaire de demande d&rsquo;inscription \u00e0 retirer au secr\u00e9tariat du campus et \u00e0 remplir soigneusement.<\/li>\n<\/ul>\n<p>[\/et_pb_text][\/et_pb_column][et_pb_column type=\u00a0\u00bb1_2&Prime; _builder_version=\u00a0\u00bb4.26.1&Prime; _module_preset=\u00a0\u00bbdefault\u00a0\u00bb global_colors_info=\u00a0\u00bb{}\u00a0\u00bb][et_pb_image src=\u00a0\u00bbhttps:\/\/jfn-univ.com\/wp-content\/uploads\/2024\/08\/salle-info.png\u00a0\u00bb title_text=\u00a0\u00bbsalle info\u00a0\u00bb _builder_version=\u00a0\u00bb4.26.1&Prime; _module_preset=\u00a0\u00bbdefault\u00a0\u00bb border_width_all=\u00a0\u00bb3px\u00a0\u00bb border_color_all=\u00a0\u00bb#a4213c\u00a0\u00bb box_shadow_style=\u00a0\u00bbpreset2&Prime; box_shadow_color=\u00a0\u00bb#a4213c\u00a0\u00bb global_colors_info=\u00a0\u00bb{}\u00a0\u00bb][\/et_pb_image][\/et_pb_column][\/et_pb_row][\/et_pb_section][et_pb_section fb_built=\u00a0\u00bb1&Prime; _builder_version=\u00a0\u00bb4.26.1&Prime; _module_preset=\u00a0\u00bbdefault\u00a0\u00bb background_color=\u00a0\u00bb#a08237&Prime; global_module=\u00a0\u00bb915&Prime; locked=\u00a0\u00bboff\u00a0\u00bb global_colors_info=\u00a0\u00bb{}\u00a0\u00bb][et_pb_row _builder_version=\u00a0\u00bb4.26.1&Prime; _module_preset=\u00a0\u00bbdefault\u00a0\u00bb global_colors_info=\u00a0\u00bb{}\u00a0\u00bb][et_pb_column type=\u00a0\u00bb4_4&Prime; _builder_version=\u00a0\u00bb4.26.1&Prime; _module_preset=\u00a0\u00bbdefault\u00a0\u00bb global_colors_info=\u00a0\u00bb{}\u00a0\u00bb][et_pb_text _builder_version=\u00a0\u00bb4.26.1&Prime; _module_preset=\u00a0\u00bbdefault\u00a0\u00bb text_font=\u00a0\u00bbPoppins|700|||||||\u00a0\u00bb text_text_color=\u00a0\u00bb#000000&Prime; text_font_size=\u00a0\u00bb29px\u00a0\u00bb text_orientation=\u00a0\u00bbcenter\u00a0\u00bb global_colors_info=\u00a0\u00bb{}\u00a0\u00bb]<\/p>\n<p>En Savoir Plus ?<\/p>\n<p>[\/et_pb_text][et_pb_text _builder_version=\u00a0\u00bb4.26.1&Prime; _module_preset=\u00a0\u00bbdefault\u00a0\u00bb text_font=\u00a0\u00bbPoppins|500|||||||\u00a0\u00bb text_text_color=\u00a0\u00bb#FFFFFF\u00a0\u00bb header_font=\u00a0\u00bb|600|||||||\u00a0\u00bb header_4_font=\u00a0\u00bb|600|||||||\u00a0\u00bb text_orientation=\u00a0\u00bbcenter\u00a0\u00bb custom_margin=\u00a0\u00bb-24px||||false|false\u00a0\u00bb global_colors_info=\u00a0\u00bb{}\u00a0\u00bb]<\/p>\n<h4>Demandez une documentation !<\/h4>\n<p>[\/et_pb_text][\/et_pb_column][\/et_pb_row][et_pb_row _builder_version=\u00a0\u00bb4.26.1&Prime; _module_preset=\u00a0\u00bbdefault\u00a0\u00bb width=\u00a0\u00bb44%\u00a0\u00bb width_tablet=\u00a0\u00bb44%\u00a0\u00bb width_phone=\u00a0\u00bb90%\u00a0\u00bb width_last_edited=\u00a0\u00bbon|phone\u00a0\u00bb max_width=\u00a0\u00bb1087px\u00a0\u00bb module_alignment=\u00a0\u00bbcenter\u00a0\u00bb custom_margin=\u00a0\u00bb-58px||||false|false\u00a0\u00bb global_colors_info=\u00a0\u00bb{}\u00a0\u00bb][et_pb_column type=\u00a0\u00bb4_4&Prime; _builder_version=\u00a0\u00bb4.26.1&Prime; _module_preset=\u00a0\u00bbdefault\u00a0\u00bb global_colors_info=\u00a0\u00bb{}\u00a0\u00bb][difl_wpforms wpforms=\u00a0\u00bb280272&Prime; _builder_version=\u00a0\u00bb4.26.1&Prime; _module_preset=\u00a0\u00bbdefault\u00a0\u00bb global_colors_info=\u00a0\u00bb{}\u00a0\u00bb][\/difl_wpforms][\/et_pb_column][\/et_pb_row][\/et_pb_section]<\/p>\n","protected":false},"excerpt":{"rendered":"<p><div class=\"et_pb_module df_adh_heading df_adh_heading_0\">\n\t\t\t\t\n\t\t\t\t\n\t\t\t\t\n\t\t\t\t\n\t\t\t\t\n\t\t\t\t\n\t\t\t\t<div class=\"et_pb_module_inner\">\n\t\t\t\t\t<div class=\"df-heading-container\">\r\n                \r\n                \r\n                <h4 class=\"df-heading\"><span class=\"prefix\">G\u00e9nie Logiciel<\/span>  <\/h4>\r\n                \r\n            <\/div>\n\t\t\t\t<\/div>\n\t\t\t<\/div>Le BTS G\u00e9nie Logiciel : Former les architectes du num\u00e9rique Le BTS G\u00e9nie Logiciel est une formation de haut niveau qui vise \u00e0 former des professionnels capables de concevoir, d\u00e9velopper et maintenir des applications informatiques. Ces techniciens sup\u00e9rieurs jouent un r\u00f4le cl\u00e9 dans le d\u00e9veloppement de logiciels, qu&rsquo;ils [&hellip;]<\/p>\n","protected":false},"author":1,"featured_media":0,"parent":123,"menu_order":0,"comment_status":"closed","ping_status":"closed","template":"","meta":{"_et_pb_use_builder":"on","_et_pb_old_content":"","_et_gb_content_width":"","_monsterinsights_skip_tracking":false,"_monsterinsights_sitenote_active":false,"_monsterinsights_sitenote_note":"","_monsterinsights_sitenote_category":0,"footnotes":""},"class_list":["post-340","page","type-page","status-publish","hentry"],"yoast_head":"<!-- This site is optimized with the Yoast SEO plugin v27.4 - https:\/\/yoast.com\/product\/yoast-seo-wordpress\/ -->\n<title>Genie Logiciel - JFN-HUI<\/title>\n<meta name=\"robots\" content=\"index, follow, max-snippet:-1, max-image-preview:large, max-video-preview:-1\" \/>\n<link rel=\"canonical\" href=\"https:\/\/jfn-univ.com\/index.php\/formations\/bts\/genie-logiciel\/\" \/>\n<meta property=\"og:locale\" content=\"fr_FR\" \/>\n<meta property=\"og:type\" content=\"article\" \/>\n<meta property=\"og:title\" content=\"Genie Logiciel - JFN-HUI\" \/>\n<meta property=\"og:description\" content=\"Le BTS G\u00e9nie Logiciel : Former les architectes du num\u00e9rique Le BTS G\u00e9nie Logiciel est une formation de haut niveau qui vise \u00e0 former des professionnels capables de concevoir, d\u00e9velopper et maintenir des applications informatiques. Ces techniciens sup\u00e9rieurs jouent un r\u00f4le cl\u00e9 dans le d\u00e9veloppement de logiciels, qu&#039;ils [&hellip;]\" \/>\n<meta property=\"og:url\" content=\"https:\/\/jfn-univ.com\/index.php\/formations\/bts\/genie-logiciel\/\" \/>\n<meta property=\"og:site_name\" content=\"JFN-HUI\" \/>\n<meta property=\"article:modified_time\" content=\"2025-07-01T08:13:35+00:00\" \/>\n<meta name=\"twitter:card\" content=\"summary_large_image\" \/>\n<meta name=\"twitter:label1\" content=\"Dur\u00e9e de lecture estim\u00e9e\" \/>\n\t<meta name=\"twitter:data1\" content=\"2 minutes\" \/>\n<script type=\"application\/ld+json\" class=\"yoast-schema-graph\">{\"@context\":\"https:\\\/\\\/schema.org\",\"@graph\":[{\"@type\":\"WebPage\",\"@id\":\"https:\\\/\\\/jfn-univ.com\\\/index.php\\\/formations\\\/bts\\\/genie-logiciel\\\/\",\"url\":\"https:\\\/\\\/jfn-univ.com\\\/index.php\\\/formations\\\/bts\\\/genie-logiciel\\\/\",\"name\":\"Genie Logiciel - JFN-HUI\",\"isPartOf\":{\"@id\":\"https:\\\/\\\/jfn-univ.com\\\/#website\"},\"datePublished\":\"2024-07-24T14:42:50+00:00\",\"dateModified\":\"2025-07-01T08:13:35+00:00\",\"breadcrumb\":{\"@id\":\"https:\\\/\\\/jfn-univ.com\\\/index.php\\\/formations\\\/bts\\\/genie-logiciel\\\/#breadcrumb\"},\"inLanguage\":\"fr-FR\",\"potentialAction\":[{\"@type\":\"ReadAction\",\"target\":[\"https:\\\/\\\/jfn-univ.com\\\/index.php\\\/formations\\\/bts\\\/genie-logiciel\\\/\"]}]},{\"@type\":\"BreadcrumbList\",\"@id\":\"https:\\\/\\\/jfn-univ.com\\\/index.php\\\/formations\\\/bts\\\/genie-logiciel\\\/#breadcrumb\",\"itemListElement\":[{\"@type\":\"ListItem\",\"position\":1,\"name\":\"Home\",\"item\":\"https:\\\/\\\/jfn-univ.com\\\/\"},{\"@type\":\"ListItem\",\"position\":2,\"name\":\"Nos Formations\",\"item\":\"https:\\\/\\\/jfn-univ.com\\\/index.php\\\/formations\\\/\"},{\"@type\":\"ListItem\",\"position\":3,\"name\":\"BTS\",\"item\":\"https:\\\/\\\/jfn-univ.com\\\/index.php\\\/formations\\\/bts\\\/\"},{\"@type\":\"ListItem\",\"position\":4,\"name\":\"Genie Logiciel\"}]},{\"@type\":\"WebSite\",\"@id\":\"https:\\\/\\\/jfn-univ.com\\\/#website\",\"url\":\"https:\\\/\\\/jfn-univ.com\\\/\",\"name\":\"JFN HUI\",\"description\":\"innovation for a better world\",\"publisher\":{\"@id\":\"https:\\\/\\\/jfn-univ.com\\\/#organization\"},\"potentialAction\":[{\"@type\":\"SearchAction\",\"target\":{\"@type\":\"EntryPoint\",\"urlTemplate\":\"https:\\\/\\\/jfn-univ.com\\\/?s={search_term_string}\"},\"query-input\":{\"@type\":\"PropertyValueSpecification\",\"valueRequired\":true,\"valueName\":\"search_term_string\"}}],\"inLanguage\":\"fr-FR\"},{\"@type\":\"Organization\",\"@id\":\"https:\\\/\\\/jfn-univ.com\\\/#organization\",\"name\":\"JFN hui\",\"url\":\"https:\\\/\\\/jfn-univ.com\\\/\",\"logo\":{\"@type\":\"ImageObject\",\"inLanguage\":\"fr-FR\",\"@id\":\"https:\\\/\\\/jfn-univ.com\\\/#\\\/schema\\\/logo\\\/image\\\/\",\"url\":\"https:\\\/\\\/jfn-univ.com\\\/wp-content\\\/uploads\\\/2024\\\/07\\\/jfn-hui-logo.png\",\"contentUrl\":\"https:\\\/\\\/jfn-univ.com\\\/wp-content\\\/uploads\\\/2024\\\/07\\\/jfn-hui-logo.png\",\"width\":198,\"height\":52,\"caption\":\"JFN hui\"},\"image\":{\"@id\":\"https:\\\/\\\/jfn-univ.com\\\/#\\\/schema\\\/logo\\\/image\\\/\"}}]}<\/script>\n<!-- \/ Yoast SEO plugin. -->","yoast_head_json":{"title":"Genie Logiciel - JFN-HUI","robots":{"index":"index","follow":"follow","max-snippet":"max-snippet:-1","max-image-preview":"max-image-preview:large","max-video-preview":"max-video-preview:-1"},"canonical":"https:\/\/jfn-univ.com\/index.php\/formations\/bts\/genie-logiciel\/","og_locale":"fr_FR","og_type":"article","og_title":"Genie Logiciel - JFN-HUI","og_description":"Le BTS G\u00e9nie Logiciel : Former les architectes du num\u00e9rique Le BTS G\u00e9nie Logiciel est une formation de haut niveau qui vise \u00e0 former des professionnels capables de concevoir, d\u00e9velopper et maintenir des applications informatiques. Ces techniciens sup\u00e9rieurs jouent un r\u00f4le cl\u00e9 dans le d\u00e9veloppement de logiciels, qu'ils [&hellip;]","og_url":"https:\/\/jfn-univ.com\/index.php\/formations\/bts\/genie-logiciel\/","og_site_name":"JFN-HUI","article_modified_time":"2025-07-01T08:13:35+00:00","twitter_card":"summary_large_image","twitter_misc":{"Dur\u00e9e de lecture estim\u00e9e":"2 minutes"},"schema":{"@context":"https:\/\/schema.org","@graph":[{"@type":"WebPage","@id":"https:\/\/jfn-univ.com\/index.php\/formations\/bts\/genie-logiciel\/","url":"https:\/\/jfn-univ.com\/index.php\/formations\/bts\/genie-logiciel\/","name":"Genie Logiciel - JFN-HUI","isPartOf":{"@id":"https:\/\/jfn-univ.com\/#website"},"datePublished":"2024-07-24T14:42:50+00:00","dateModified":"2025-07-01T08:13:35+00:00","breadcrumb":{"@id":"https:\/\/jfn-univ.com\/index.php\/formations\/bts\/genie-logiciel\/#breadcrumb"},"inLanguage":"fr-FR","potentialAction":[{"@type":"ReadAction","target":["https:\/\/jfn-univ.com\/index.php\/formations\/bts\/genie-logiciel\/"]}]},{"@type":"BreadcrumbList","@id":"https:\/\/jfn-univ.com\/index.php\/formations\/bts\/genie-logiciel\/#breadcrumb","itemListElement":[{"@type":"ListItem","position":1,"name":"Home","item":"https:\/\/jfn-univ.com\/"},{"@type":"ListItem","position":2,"name":"Nos Formations","item":"https:\/\/jfn-univ.com\/index.php\/formations\/"},{"@type":"ListItem","position":3,"name":"BTS","item":"https:\/\/jfn-univ.com\/index.php\/formations\/bts\/"},{"@type":"ListItem","position":4,"name":"Genie Logiciel"}]},{"@type":"WebSite","@id":"https:\/\/jfn-univ.com\/#website","url":"https:\/\/jfn-univ.com\/","name":"JFN HUI","description":"innovation for a better world","publisher":{"@id":"https:\/\/jfn-univ.com\/#organization"},"potentialAction":[{"@type":"SearchAction","target":{"@type":"EntryPoint","urlTemplate":"https:\/\/jfn-univ.com\/?s={search_term_string}"},"query-input":{"@type":"PropertyValueSpecification","valueRequired":true,"valueName":"search_term_string"}}],"inLanguage":"fr-FR"},{"@type":"Organization","@id":"https:\/\/jfn-univ.com\/#organization","name":"JFN hui","url":"https:\/\/jfn-univ.com\/","logo":{"@type":"ImageObject","inLanguage":"fr-FR","@id":"https:\/\/jfn-univ.com\/#\/schema\/logo\/image\/","url":"https:\/\/jfn-univ.com\/wp-content\/uploads\/2024\/07\/jfn-hui-logo.png","contentUrl":"https:\/\/jfn-univ.com\/wp-content\/uploads\/2024\/07\/jfn-hui-logo.png","width":198,"height":52,"caption":"JFN hui"},"image":{"@id":"https:\/\/jfn-univ.com\/#\/schema\/logo\/image\/"}}]}},"lang":"fr","translations":{"fr":340},"pll_sync_post":[],"_links":{"self":[{"href":"https:\/\/jfn-univ.com\/index.php\/wp-json\/wp\/v2\/pages\/340","targetHints":{"allow":["GET"]}}],"collection":[{"href":"https:\/\/jfn-univ.com\/index.php\/wp-json\/wp\/v2\/pages"}],"about":[{"href":"https:\/\/jfn-univ.com\/index.php\/wp-json\/wp\/v2\/types\/page"}],"author":[{"embeddable":true,"href":"https:\/\/jfn-univ.com\/index.php\/wp-json\/wp\/v2\/users\/1"}],"replies":[{"embeddable":true,"href":"https:\/\/jfn-univ.com\/index.php\/wp-json\/wp\/v2\/comments?post=340"}],"version-history":[{"count":17,"href":"https:\/\/jfn-univ.com\/index.php\/wp-json\/wp\/v2\/pages\/340\/revisions"}],"predecessor-version":[{"id":282565,"href":"https:\/\/jfn-univ.com\/index.php\/wp-json\/wp\/v2\/pages\/340\/revisions\/282565"}],"up":[{"embeddable":true,"href":"https:\/\/jfn-univ.com\/index.php\/wp-json\/wp\/v2\/pages\/123"}],"wp:attachment":[{"href":"https:\/\/jfn-univ.com\/index.php\/wp-json\/wp\/v2\/media?parent=340"}],"curies":[{"name":"wp","href":"https:\/\/api.w.org\/{rel}","templated":true}]}}