{"id":280178,"date":"2024-08-20T09:21:51","date_gmt":"2024-08-20T08:21:51","guid":{"rendered":"https:\/\/jfn-univ.com\/?page_id=280178"},"modified":"2025-08-29T12:02:47","modified_gmt":"2025-08-29T11:02:47","slug":"google","status":"publish","type":"page","link":"https:\/\/jfn-univ.com\/index.php\/certification\/cloud\/google\/","title":{"rendered":"Google"},"content":{"rendered":"<p>[et_pb_section fb_built=\u00a0\u00bb1&Prime; _builder_version=\u00a0\u00bb4.26.1&Prime; _module_preset=\u00a0\u00bbdefault\u00a0\u00bb background_image=\u00a0\u00bbhttps:\/\/jfn-univ.com\/wp-content\/uploads\/2025\/06\/Certification-cloud.jpg\u00a0\u00bb background_size=\u00a0\u00bbcontain\u00a0\u00bb global_colors_info=\u00a0\u00bb{}\u00a0\u00bb][et_pb_row _builder_version=\u00a0\u00bb4.26.1&Prime; _module_preset=\u00a0\u00bbdefault\u00a0\u00bb global_colors_info=\u00a0\u00bb{}\u00a0\u00bb][et_pb_column type=\u00a0\u00bb4_4&Prime; _builder_version=\u00a0\u00bb4.26.1&Prime; _module_preset=\u00a0\u00bbdefault\u00a0\u00bb global_colors_info=\u00a0\u00bb{}\u00a0\u00bb][\/et_pb_column][\/et_pb_row][\/et_pb_section][et_pb_section fb_built=\u00a0\u00bb1&Prime; _builder_version=\u00a0\u00bb4.26.1&Prime; _module_preset=\u00a0\u00bbdefault\u00a0\u00bb global_colors_info=\u00a0\u00bb{}\u00a0\u00bb][et_pb_row _builder_version=\u00a0\u00bb4.26.1&Prime; _module_preset=\u00a0\u00bbdefault\u00a0\u00bb global_colors_info=\u00a0\u00bb{}\u00a0\u00bb][et_pb_column type=\u00a0\u00bb4_4&Prime; _builder_version=\u00a0\u00bb4.26.1&Prime; _module_preset=\u00a0\u00bbdefault\u00a0\u00bb global_colors_info=\u00a0\u00bb{}\u00a0\u00bb][df_adh_heading title_prefix=\u00a0\u00bbPourquoi choisir nos formations Google Cloud ?\u00a0\u00bb _builder_version=\u00a0\u00bb4.26.1&Prime; _module_preset=\u00a0\u00bbdefault\u00a0\u00bb t_prefix_font=\u00a0\u00bbPoppins|600|||||||\u00a0\u00bb t_prefix_text_color=\u00a0\u00bb#a4213c\u00a0\u00bb global_colors_info=\u00a0\u00bb{}\u00a0\u00bb][\/df_adh_heading][et_pb_text _builder_version=\u00a0\u00bb4.26.1&Prime; _module_preset=\u00a0\u00bbdefault\u00a0\u00bb text_orientation=\u00a0\u00bbcenter\u00a0\u00bb global_colors_info=\u00a0\u00bb{}\u00a0\u00bb]Le Cloud, moteur de la transformation digitale Google Cloud est l\u2019un des leaders mondiaux des technologies cloud, utilis\u00e9 par des millions d\u2019entreprises pour leurs infrastructures, leurs applications et leur innovation en IA. Les programmes Google Cloud Career Readiness et Launchpad permettent aux \u00e9tudiants et professionnels de se pr\u00e9parer \u00e0 des certifications internationales reconnues et d\u2019acqu\u00e9rir les comp\u00e9tences cloud les plus demand\u00e9es.[\/et_pb_text][\/et_pb_column][\/et_pb_row][et_pb_row column_structure=\u00a0\u00bb1_2,1_2&Prime; _builder_version=\u00a0\u00bb4.26.1&Prime; _module_preset=\u00a0\u00bbdefault\u00a0\u00bb global_colors_info=\u00a0\u00bb{}\u00a0\u00bb][et_pb_column type=\u00a0\u00bb1_2&Prime; _builder_version=\u00a0\u00bb4.26.1&Prime; _module_preset=\u00a0\u00bbdefault\u00a0\u00bb global_colors_info=\u00a0\u00bb{}\u00a0\u00bb][et_pb_text _builder_version=\u00a0\u00bb4.26.1&Prime; _module_preset=\u00a0\u00bbdefault\u00a0\u00bb global_colors_info=\u00a0\u00bb{}\u00a0\u00bb]Pourquoi JFN University ?<br \/>\n&#8211; Partenaire Google Cloud Education (Career Readiness &#038; Launchpad)<br \/>\n&#8211; Enseignants accr\u00e9dit\u00e9s Google Cloud<br \/>\n&#8211; Programmes hybrides (en ligne &#038; pr\u00e9sentiel) adapt\u00e9s au contexte africain<br \/>\n&#8211; Accompagnement personnalis\u00e9 vers la r\u00e9ussite des certifications Google Cloud[\/et_pb_text][\/et_pb_column][et_pb_column type=\u00a0\u00bb1_2&Prime; _builder_version=\u00a0\u00bb4.26.1&Prime; _module_preset=\u00a0\u00bbdefault\u00a0\u00bb global_colors_info=\u00a0\u00bb{}\u00a0\u00bb][et_pb_text _builder_version=\u00a0\u00bb4.26.1&Prime; _module_preset=\u00a0\u00bbdefault\u00a0\u00bb global_colors_info=\u00a0\u00bb{}\u00a0\u00bb]Avantages pour les apprenants<br \/>\n&#8211; Pr\u00e9paration aux certifications Google Cloud (Fondation et Associate)<br \/>\n&#8211; Acc\u00e8s gratuit \u00e0 Qwiklabs\/Skills Boost<br \/>\n&#8211; Contenus actualis\u00e9s par Google Cloud<br \/>\n&#8211; Opportunit\u00e9s d\u2019insertion professionnelle dans le cloud computing[\/et_pb_text][\/et_pb_column][\/et_pb_row][et_pb_row _builder_version=\u00a0\u00bb4.26.1&Prime; _module_preset=\u00a0\u00bbdefault\u00a0\u00bb global_colors_info=\u00a0\u00bb{}\u00a0\u00bb][et_pb_column type=\u00a0\u00bb4_4&Prime; _builder_version=\u00a0\u00bb4.26.1&Prime; _module_preset=\u00a0\u00bbdefault\u00a0\u00bb global_colors_info=\u00a0\u00bb{}\u00a0\u00bb][difl_contentcarousel item_spacing=\u00a0\u00bb36px\u00a0\u00bb dots=\u00a0\u00bbon\u00a0\u00bb title_order=\u00a0\u00bb1&Prime; arrow_color=\u00a0\u00bb#FFFFFF\u00a0\u00bb arrow_background=\u00a0\u00bb#a08237&Prime; large_active_dot=\u00a0\u00bbon\u00a0\u00bb dots_color=\u00a0\u00bb#a08237&Prime; active_dots_color=\u00a0\u00bb#a08237&Prime; cc_button_button_align=\u00a0\u00bbleft\u00a0\u00bb df_button_bg_bgcolor=\u00a0\u00bb#FFFFFF\u00a0\u00bb button_wrapper_margin=\u00a0\u00bb30px||||false|false\u00a0\u00bb button_wrapper_margin_tablet=\u00a0\u00bb25px||||false|false\u00a0\u00bb button_wrapper_margin_phone=\u00a0\u00bb20px||||false|false\u00a0\u00bb button_wrapper_margin_last_edited=\u00a0\u00bbon|tablet\u00a0\u00bb button_padding=\u00a0\u00bb12px|24px|12px|24px|true|true\u00a0\u00bb button_padding_tablet=\u00a0\u00bb10px|20px|10px|20px|true|true\u00a0\u00bb button_padding_phone=\u00a0\u00bb10px|20px|10px|20px|true|true\u00a0\u00bb button_padding_last_edited=\u00a0\u00bbon|tablet\u00a0\u00bb wrapper_padding=\u00a0\u00bb0px||||false|false\u00a0\u00bb item_wrapper_padding=\u00a0\u00bb30px|30px|30px|30px|true|true\u00a0\u00bb item_wrapper_padding_tablet=\u00a0\u00bb25px|25px|25px|25px|true|true\u00a0\u00bb item_wrapper_padding_phone=\u00a0\u00bb20px|20px|20px|20px|true|true\u00a0\u00bb item_wrapper_padding_last_edited=\u00a0\u00bbon|tablet\u00a0\u00bb title_margin=\u00a0\u00bb||33px||false|false\u00a0\u00bb title_margin_tablet=\u00a0\u00bb||25px||false|false\u00a0\u00bb title_margin_phone=\u00a0\u00bb||20px||false|false\u00a0\u00bb title_margin_last_edited=\u00a0\u00bbon|tablet\u00a0\u00bb title_padding=\u00a0\u00bb0px|0px|0px|0px|true|false\u00a0\u00bb content_margin=\u00a0\u00bb30px||||false|false\u00a0\u00bb content_margin_tablet=\u00a0\u00bb25px||||false|false\u00a0\u00bb content_margin_phone=\u00a0\u00bb20px||||false|false\u00a0\u00bb content_margin_last_edited=\u00a0\u00bbon|tablet\u00a0\u00bb item_spacing_tablet=\u00a0\u00bb28px\u00a0\u00bb item_spacing_phone=\u00a0\u00bb20px\u00a0\u00bb item_spacing_last_edited=\u00a0\u00bbon|tablet\u00a0\u00bb _builder_version=\u00a0\u00bb4.26.1&Prime; _module_preset=\u00a0\u00bbdefault\u00a0\u00bb cc_title_font=\u00a0\u00bbPoppins|600|||||||\u00a0\u00bb cc_title_text_color=\u00a0\u00bb#0A0226&Prime; cc_title_font_size=\u00a0\u00bb20px\u00a0\u00bb cc_title_letter_spacing=\u00a0\u00bb0.5px\u00a0\u00bb cc_content_font=\u00a0\u00bbPoppins||||||||\u00a0\u00bb cc_content_text_color=\u00a0\u00bb#0A0226&Prime; cc_content_font_size=\u00a0\u00bb16px\u00a0\u00bb cc_content_letter_spacing=\u00a0\u00bb0.5px\u00a0\u00bb button_font=\u00a0\u00bbPoppins|600|||||||\u00a0\u00bb button_text_align=\u00a0\u00bbcenter\u00a0\u00bb button_text_color=\u00a0\u00bb#824DEB\u00a0\u00bb button_font_size=\u00a0\u00bb15px\u00a0\u00bb button_letter_spacing=\u00a0\u00bb0.5px\u00a0\u00bb hover_enabled=\u00a0\u00bb0&Prime; cc_title_font_size_tablet=\u00a0\u00bb18px\u00a0\u00bb cc_title_font_size_phone=\u00a0\u00bb16px\u00a0\u00bb cc_title_font_size_last_edited=\u00a0\u00bbon|tablet\u00a0\u00bb cc_content_font_size_tablet=\u00a0\u00bb15px\u00a0\u00bb cc_content_font_size_phone=\u00a0\u00bb14px\u00a0\u00bb cc_content_font_size_last_edited=\u00a0\u00bbon|tablet\u00a0\u00bb button_font_size_tablet=\u00a0\u00bb15px\u00a0\u00bb button_font_size_phone=\u00a0\u00bb14px\u00a0\u00bb button_font_size_last_edited=\u00a0\u00bbon|phone\u00a0\u00bb border_radii=\u00a0\u00bbon|12px|12px|12px|12px\u00a0\u00bb border_radii_button=\u00a0\u00bbon|99px|99px|99px|99px\u00a0\u00bb box_shadow_style=\u00a0\u00bbpreset1&Prime; box_shadow_vertical=\u00a0\u00bb8px\u00a0\u00bb box_shadow_blur=\u00a0\u00bb12px\u00a0\u00bb box_shadow_spread=\u00a0\u00bb2px\u00a0\u00bb box_shadow_color=\u00a0\u00bbrgba(130,77,235,0.04)\u00a0\u00bb box_shadow_style_button=\u00a0\u00bbpreset1&Prime; box_shadow_vertical_button=\u00a0\u00bb4px\u00a0\u00bb box_shadow_blur_button=\u00a0\u00bb8px\u00a0\u00bb box_shadow_color_button=\u00a0\u00bbrgba(0,0,0,0.06)\u00a0\u00bb locked=\u00a0\u00bboff\u00a0\u00bb global_colors_info=\u00a0\u00bb{}\u00a0\u00bb df_button_bg_bgcolor__hover_enabled=\u00a0\u00bbon|hover\u00a0\u00bb df_button_bg_bgcolor__hover=\u00a0\u00bb#824DEB\u00a0\u00bb button_text_color__hover_enabled=\u00a0\u00bbon|desktop\u00a0\u00bb button_text_color__hover=\u00a0\u00bb#FFFFFF\u00a0\u00bb sticky_enabled=\u00a0\u00bb0&Prime;][difl_contentcarouselitem title=\u00a0\u00bbProgramme Career Readiness\u00a0\u00bb sub_title=\u00a0\u00bbJFN-HUI\u00a0\u00bb df_cci_image=\u00a0\u00bbhttps:\/\/jfn-univ.com\/wp-content\/uploads\/2024\/08\/images5.png\u00a0\u00bb cc_button_button_text=\u00a0\u00bbD\u00e9couvrir\u00a0\u00bb cc_button_button_url=\u00a0\u00bbhttps:\/\/jfn-univ.com\/index.php\/certification\/cloud\/google\/programme-career-readiness\/\u00a0\u00bb cc_button_button_url_new_window=\u00a0\u00bbon\u00a0\u00bb df_button_bg_bgcolor=\u00a0\u00bb#a08237&Prime; _builder_version=\u00a0\u00bb4.26.1&Prime; _module_preset=\u00a0\u00bbdefault\u00a0\u00bb cc_title_text_color=\u00a0\u00bb#a4213c\u00a0\u00bb cc_subtitle_text_color=\u00a0\u00bb#a08237&Prime; button_text_align=\u00a0\u00bbcenter\u00a0\u00bb button_text_color=\u00a0\u00bb#FFFFFF\u00a0\u00bb background_color=\u00a0\u00bb#FFFFFF\u00a0\u00bb background_enable_color=\u00a0\u00bbon\u00a0\u00bb border_radii_button=\u00a0\u00bbon|11px|11px|11px|11px\u00a0\u00bb box_shadow_style=\u00a0\u00bbpreset2&Prime; global_colors_info=\u00a0\u00bb{}\u00a0\u00bb]<\/p>\n<p>La certification Cloud est un gage d&rsquo;expertise reconnue qui ouvre des portes \u00e0 de nouvelles opportunit\u00e9s professionnelles et valorise votre carri\u00e8re.<\/p>\n<p>[\/difl_contentcarouselitem][difl_contentcarouselitem title=\u00a0\u00bbLabs &#038; Ateliers pratiques\u00a0\u00bb sub_title=\u00a0\u00bbJFN-HUI\u00a0\u00bb df_cci_image=\u00a0\u00bbhttps:\/\/jfn-univ.com\/wp-content\/uploads\/2024\/08\/images5.png\u00a0\u00bb cc_button_button_text=\u00a0\u00bbD\u00e9couvrir\u00a0\u00bb cc_button_button_url=\u00a0\u00bbhttps:\/\/jfn-univ.com\/index.php\/certification\/cloud\/google\/labs-ateliers-pratiques\/\u00a0\u00bb cc_button_button_url_new_window=\u00a0\u00bbon\u00a0\u00bb df_button_bg_bgcolor=\u00a0\u00bb#a08237&Prime; _builder_version=\u00a0\u00bb4.26.1&Prime; _module_preset=\u00a0\u00bbdefault\u00a0\u00bb cc_title_text_color=\u00a0\u00bb#a4213c\u00a0\u00bb cc_subtitle_text_color=\u00a0\u00bb#a08237&Prime; button_text_align=\u00a0\u00bbcenter\u00a0\u00bb button_text_color=\u00a0\u00bb#FFFFFF\u00a0\u00bb background_color=\u00a0\u00bb#FFFFFF\u00a0\u00bb background_enable_color=\u00a0\u00bbon\u00a0\u00bb border_radii_button=\u00a0\u00bbon|11px|11px|11px|11px\u00a0\u00bb box_shadow_style=\u00a0\u00bbpreset2&Prime; global_colors_info=\u00a0\u00bb{}\u00a0\u00bb]<\/p>\n<p>La certification Cloud est un gage d&rsquo;expertise reconnue qui ouvre des portes \u00e0 de nouvelles opportunit\u00e9s professionnelles et valorise votre carri\u00e8re.<\/p>\n<p>[\/difl_contentcarouselitem][difl_contentcarouselitem title=\u00a0\u00bbProgramme Launchpad\u00a0\u00bb sub_title=\u00a0\u00bbJFN-HUI\u00a0\u00bb df_cci_image=\u00a0\u00bbhttps:\/\/jfn-univ.com\/wp-content\/uploads\/2024\/08\/images5.png\u00a0\u00bb cc_button_button_text=\u00a0\u00bbD\u00e9couvrir\u00a0\u00bb cc_button_button_url=\u00a0\u00bbhttps:\/\/jfn-univ.com\/index.php\/certification\/cloud\/google\/programme-launchpad\/\u00a0\u00bb cc_button_button_url_new_window=\u00a0\u00bbon\u00a0\u00bb df_button_bg_bgcolor=\u00a0\u00bb#a08237&Prime; _builder_version=\u00a0\u00bb4.26.1&Prime; _module_preset=\u00a0\u00bbdefault\u00a0\u00bb cc_title_text_color=\u00a0\u00bb#a4213c\u00a0\u00bb cc_subtitle_text_color=\u00a0\u00bb#a08237&Prime; button_text_align=\u00a0\u00bbcenter\u00a0\u00bb button_text_color=\u00a0\u00bb#FFFFFF\u00a0\u00bb background_color=\u00a0\u00bb#FFFFFF\u00a0\u00bb background_enable_color=\u00a0\u00bbon\u00a0\u00bb hover_enabled=\u00a0\u00bb0&Prime; border_radii_button=\u00a0\u00bbon|11px|11px|11px|11px\u00a0\u00bb box_shadow_style=\u00a0\u00bbpreset2&Prime; global_colors_info=\u00a0\u00bb{}\u00a0\u00bb sticky_enabled=\u00a0\u00bb0&Prime;]<\/p>\n<p>La certification Cloud est un gage d&rsquo;expertise reconnue qui ouvre des portes \u00e0 de nouvelles opportunit\u00e9s professionnelles et valorise votre carri\u00e8re.<\/p>\n<p>[\/difl_contentcarouselitem][\/difl_contentcarousel][\/et_pb_column][\/et_pb_row][et_pb_row _builder_version=\u00a0\u00bb4.26.1&Prime; _module_preset=\u00a0\u00bbdefault\u00a0\u00bb global_colors_info=\u00a0\u00bb{}\u00a0\u00bb][et_pb_column type=\u00a0\u00bb4_4&Prime; _builder_version=\u00a0\u00bb4.26.1&Prime; _module_preset=\u00a0\u00bbdefault\u00a0\u00bb global_colors_info=\u00a0\u00bb{}\u00a0\u00bb][et_pb_text _builder_version=\u00a0\u00bb4.26.1&Prime; _module_preset=\u00a0\u00bbdefault\u00a0\u00bb text_orientation=\u00a0\u00bbjustified\u00a0\u00bb global_colors_info=\u00a0\u00bb{}\u00a0\u00bb]<\/p>\n<p>Avec JFN University x Google Cloud, b\u00e9n\u00e9ficiez de programmes de formation align\u00e9s sur les certifications Google Cloud les plus recherch\u00e9es : Cloud Digital Leader (fondamentaux cloud) et Associate Cloud Engineer (impl\u00e9mentation et gestion). Ces parcours offrent une p\u00e9dagogie pratique, des labs concrets et une reconnaissance internationale pour b\u00e2tir une carri\u00e8re dans le cloud et l\u2019intelligence artificielle.<\/p>\n<p>[\/et_pb_text][\/et_pb_column][\/et_pb_row][\/et_pb_section][et_pb_section fb_built=\u00a0\u00bb1&Prime; _builder_version=\u00a0\u00bb4.26.1&Prime; _module_preset=\u00a0\u00bbdefault\u00a0\u00bb background_color=\u00a0\u00bb#a08237&Prime; global_module=\u00a0\u00bb915&Prime; locked=\u00a0\u00bboff\u00a0\u00bb global_colors_info=\u00a0\u00bb{}\u00a0\u00bb][et_pb_row _builder_version=\u00a0\u00bb4.26.1&Prime; _module_preset=\u00a0\u00bbdefault\u00a0\u00bb global_colors_info=\u00a0\u00bb{}\u00a0\u00bb][et_pb_column type=\u00a0\u00bb4_4&Prime; _builder_version=\u00a0\u00bb4.26.1&Prime; _module_preset=\u00a0\u00bbdefault\u00a0\u00bb global_colors_info=\u00a0\u00bb{}\u00a0\u00bb][et_pb_text _builder_version=\u00a0\u00bb4.26.1&Prime; _module_preset=\u00a0\u00bbdefault\u00a0\u00bb text_font=\u00a0\u00bbPoppins|700|||||||\u00a0\u00bb text_text_color=\u00a0\u00bb#000000&Prime; text_font_size=\u00a0\u00bb29px\u00a0\u00bb text_orientation=\u00a0\u00bbcenter\u00a0\u00bb global_colors_info=\u00a0\u00bb{}\u00a0\u00bb]<\/p>\n<p>En Savoir Plus ?<\/p>\n<p>[\/et_pb_text][et_pb_text _builder_version=\u00a0\u00bb4.26.1&Prime; _module_preset=\u00a0\u00bbdefault\u00a0\u00bb text_font=\u00a0\u00bbPoppins|500|||||||\u00a0\u00bb text_text_color=\u00a0\u00bb#FFFFFF\u00a0\u00bb header_font=\u00a0\u00bb|600|||||||\u00a0\u00bb header_4_font=\u00a0\u00bb|600|||||||\u00a0\u00bb text_orientation=\u00a0\u00bbcenter\u00a0\u00bb custom_margin=\u00a0\u00bb-24px||||false|false\u00a0\u00bb global_colors_info=\u00a0\u00bb{}\u00a0\u00bb]<\/p>\n<h4>Demandez une documentation !<\/h4>\n<p>[\/et_pb_text][\/et_pb_column][\/et_pb_row][et_pb_row _builder_version=\u00a0\u00bb4.26.1&Prime; _module_preset=\u00a0\u00bbdefault\u00a0\u00bb width=\u00a0\u00bb44%\u00a0\u00bb width_tablet=\u00a0\u00bb44%\u00a0\u00bb width_phone=\u00a0\u00bb90%\u00a0\u00bb width_last_edited=\u00a0\u00bbon|phone\u00a0\u00bb max_width=\u00a0\u00bb1087px\u00a0\u00bb module_alignment=\u00a0\u00bbcenter\u00a0\u00bb custom_margin=\u00a0\u00bb-58px||||false|false\u00a0\u00bb global_colors_info=\u00a0\u00bb{}\u00a0\u00bb][et_pb_column type=\u00a0\u00bb4_4&Prime; _builder_version=\u00a0\u00bb4.26.1&Prime; _module_preset=\u00a0\u00bbdefault\u00a0\u00bb global_colors_info=\u00a0\u00bb{}\u00a0\u00bb][difl_wpforms wpforms=\u00a0\u00bb280272&Prime; _builder_version=\u00a0\u00bb4.26.1&Prime; _module_preset=\u00a0\u00bbdefault\u00a0\u00bb global_colors_info=\u00a0\u00bb{}\u00a0\u00bb][\/difl_wpforms][\/et_pb_column][\/et_pb_row][\/et_pb_section]<\/p>\n","protected":false},"excerpt":{"rendered":"<p><div class=\"et_pb_module df_adh_heading df_adh_heading_0\">\n\t\t\t\t\n\t\t\t\t\n\t\t\t\t\n\t\t\t\t\n\t\t\t\t\n\t\t\t\t\n\t\t\t\t<div class=\"et_pb_module_inner\">\n\t\t\t\t\t<div class=\"df-heading-container\">\r\n                \r\n                \r\n                <h4 class=\"df-heading\"><span class=\"prefix\">Pourquoi choisir nos formations Google Cloud ?<\/span>  <\/h4>\r\n                \r\n            <\/div>\n\t\t\t\t<\/div>\n\t\t\t<\/div>Le Cloud, moteur de la transformation digitale Google Cloud est l\u2019un des leaders mondiaux des technologies cloud, utilis\u00e9 par des millions d\u2019entreprises pour leurs infrastructures, leurs applications et leur innovation en IA. Les programmes Google Cloud Career Readiness et Launchpad permettent aux \u00e9tudiants [&hellip;]<\/p>\n","protected":false},"author":1,"featured_media":0,"parent":279685,"menu_order":0,"comment_status":"closed","ping_status":"closed","template":"","meta":{"_et_pb_use_builder":"on","_et_pb_old_content":"<!-- wp:divi\/placeholder \/-->","_et_gb_content_width":"","_monsterinsights_skip_tracking":false,"_monsterinsights_sitenote_active":false,"_monsterinsights_sitenote_note":"","_monsterinsights_sitenote_category":0,"footnotes":""},"class_list":["post-280178","page","type-page","status-publish","hentry"],"yoast_head":"<!-- This site is optimized with the Yoast SEO plugin v27.4 - https:\/\/yoast.com\/product\/yoast-seo-wordpress\/ -->\n<title>Google - JFN-HUI<\/title>\n<meta name=\"robots\" content=\"index, follow, max-snippet:-1, max-image-preview:large, max-video-preview:-1\" \/>\n<link rel=\"canonical\" href=\"https:\/\/jfn-univ.com\/index.php\/certification\/cloud\/google\/\" \/>\n<meta property=\"og:locale\" content=\"fr_FR\" \/>\n<meta property=\"og:type\" content=\"article\" \/>\n<meta property=\"og:title\" content=\"Google - JFN-HUI\" \/>\n<meta property=\"og:description\" content=\"Le Cloud, moteur de la transformation digitale Google Cloud est l\u2019un des leaders mondiaux des technologies cloud, utilis\u00e9 par des millions d\u2019entreprises pour leurs infrastructures, leurs applications et leur innovation en IA. Les programmes Google Cloud Career Readiness et Launchpad permettent aux \u00e9tudiants [&hellip;]\" \/>\n<meta property=\"og:url\" content=\"https:\/\/jfn-univ.com\/index.php\/certification\/cloud\/google\/\" \/>\n<meta property=\"og:site_name\" content=\"JFN-HUI\" \/>\n<meta property=\"article:modified_time\" content=\"2025-08-29T11:02:47+00:00\" \/>\n<meta name=\"twitter:card\" content=\"summary_large_image\" \/>\n<meta name=\"twitter:label1\" content=\"Dur\u00e9e de lecture estim\u00e9e\" \/>\n\t<meta name=\"twitter:data1\" content=\"7 minutes\" \/>\n<script type=\"application\/ld+json\" class=\"yoast-schema-graph\">{\"@context\":\"https:\\\/\\\/schema.org\",\"@graph\":[{\"@type\":\"WebPage\",\"@id\":\"https:\\\/\\\/jfn-univ.com\\\/index.php\\\/certification\\\/cloud\\\/google\\\/\",\"url\":\"https:\\\/\\\/jfn-univ.com\\\/index.php\\\/certification\\\/cloud\\\/google\\\/\",\"name\":\"Google - JFN-HUI\",\"isPartOf\":{\"@id\":\"https:\\\/\\\/jfn-univ.com\\\/#website\"},\"datePublished\":\"2024-08-20T08:21:51+00:00\",\"dateModified\":\"2025-08-29T11:02:47+00:00\",\"breadcrumb\":{\"@id\":\"https:\\\/\\\/jfn-univ.com\\\/index.php\\\/certification\\\/cloud\\\/google\\\/#breadcrumb\"},\"inLanguage\":\"fr-FR\",\"potentialAction\":[{\"@type\":\"ReadAction\",\"target\":[\"https:\\\/\\\/jfn-univ.com\\\/index.php\\\/certification\\\/cloud\\\/google\\\/\"]}]},{\"@type\":\"BreadcrumbList\",\"@id\":\"https:\\\/\\\/jfn-univ.com\\\/index.php\\\/certification\\\/cloud\\\/google\\\/#breadcrumb\",\"itemListElement\":[{\"@type\":\"ListItem\",\"position\":1,\"name\":\"Home\",\"item\":\"https:\\\/\\\/jfn-univ.com\\\/\"},{\"@type\":\"ListItem\",\"position\":2,\"name\":\"Certification\",\"item\":\"https:\\\/\\\/jfn-univ.com\\\/index.php\\\/certification\\\/\"},{\"@type\":\"ListItem\",\"position\":3,\"name\":\"Cloud\",\"item\":\"https:\\\/\\\/jfn-univ.com\\\/index.php\\\/certification\\\/cloud\\\/\"},{\"@type\":\"ListItem\",\"position\":4,\"name\":\"Google\"}]},{\"@type\":\"WebSite\",\"@id\":\"https:\\\/\\\/jfn-univ.com\\\/#website\",\"url\":\"https:\\\/\\\/jfn-univ.com\\\/\",\"name\":\"JFN HUI\",\"description\":\"innovation for a better world\",\"publisher\":{\"@id\":\"https:\\\/\\\/jfn-univ.com\\\/#organization\"},\"potentialAction\":[{\"@type\":\"SearchAction\",\"target\":{\"@type\":\"EntryPoint\",\"urlTemplate\":\"https:\\\/\\\/jfn-univ.com\\\/?s={search_term_string}\"},\"query-input\":{\"@type\":\"PropertyValueSpecification\",\"valueRequired\":true,\"valueName\":\"search_term_string\"}}],\"inLanguage\":\"fr-FR\"},{\"@type\":\"Organization\",\"@id\":\"https:\\\/\\\/jfn-univ.com\\\/#organization\",\"name\":\"JFN hui\",\"url\":\"https:\\\/\\\/jfn-univ.com\\\/\",\"logo\":{\"@type\":\"ImageObject\",\"inLanguage\":\"fr-FR\",\"@id\":\"https:\\\/\\\/jfn-univ.com\\\/#\\\/schema\\\/logo\\\/image\\\/\",\"url\":\"https:\\\/\\\/jfn-univ.com\\\/wp-content\\\/uploads\\\/2024\\\/07\\\/jfn-hui-logo.png\",\"contentUrl\":\"https:\\\/\\\/jfn-univ.com\\\/wp-content\\\/uploads\\\/2024\\\/07\\\/jfn-hui-logo.png\",\"width\":198,\"height\":52,\"caption\":\"JFN hui\"},\"image\":{\"@id\":\"https:\\\/\\\/jfn-univ.com\\\/#\\\/schema\\\/logo\\\/image\\\/\"}}]}<\/script>\n<!-- \/ Yoast SEO plugin. -->","yoast_head_json":{"title":"Google - JFN-HUI","robots":{"index":"index","follow":"follow","max-snippet":"max-snippet:-1","max-image-preview":"max-image-preview:large","max-video-preview":"max-video-preview:-1"},"canonical":"https:\/\/jfn-univ.com\/index.php\/certification\/cloud\/google\/","og_locale":"fr_FR","og_type":"article","og_title":"Google - JFN-HUI","og_description":"Le Cloud, moteur de la transformation digitale Google Cloud est l\u2019un des leaders mondiaux des technologies cloud, utilis\u00e9 par des millions d\u2019entreprises pour leurs infrastructures, leurs applications et leur innovation en IA. Les programmes Google Cloud Career Readiness et Launchpad permettent aux \u00e9tudiants [&hellip;]","og_url":"https:\/\/jfn-univ.com\/index.php\/certification\/cloud\/google\/","og_site_name":"JFN-HUI","article_modified_time":"2025-08-29T11:02:47+00:00","twitter_card":"summary_large_image","twitter_misc":{"Dur\u00e9e de lecture estim\u00e9e":"7 minutes"},"schema":{"@context":"https:\/\/schema.org","@graph":[{"@type":"WebPage","@id":"https:\/\/jfn-univ.com\/index.php\/certification\/cloud\/google\/","url":"https:\/\/jfn-univ.com\/index.php\/certification\/cloud\/google\/","name":"Google - JFN-HUI","isPartOf":{"@id":"https:\/\/jfn-univ.com\/#website"},"datePublished":"2024-08-20T08:21:51+00:00","dateModified":"2025-08-29T11:02:47+00:00","breadcrumb":{"@id":"https:\/\/jfn-univ.com\/index.php\/certification\/cloud\/google\/#breadcrumb"},"inLanguage":"fr-FR","potentialAction":[{"@type":"ReadAction","target":["https:\/\/jfn-univ.com\/index.php\/certification\/cloud\/google\/"]}]},{"@type":"BreadcrumbList","@id":"https:\/\/jfn-univ.com\/index.php\/certification\/cloud\/google\/#breadcrumb","itemListElement":[{"@type":"ListItem","position":1,"name":"Home","item":"https:\/\/jfn-univ.com\/"},{"@type":"ListItem","position":2,"name":"Certification","item":"https:\/\/jfn-univ.com\/index.php\/certification\/"},{"@type":"ListItem","position":3,"name":"Cloud","item":"https:\/\/jfn-univ.com\/index.php\/certification\/cloud\/"},{"@type":"ListItem","position":4,"name":"Google"}]},{"@type":"WebSite","@id":"https:\/\/jfn-univ.com\/#website","url":"https:\/\/jfn-univ.com\/","name":"JFN HUI","description":"innovation for a better world","publisher":{"@id":"https:\/\/jfn-univ.com\/#organization"},"potentialAction":[{"@type":"SearchAction","target":{"@type":"EntryPoint","urlTemplate":"https:\/\/jfn-univ.com\/?s={search_term_string}"},"query-input":{"@type":"PropertyValueSpecification","valueRequired":true,"valueName":"search_term_string"}}],"inLanguage":"fr-FR"},{"@type":"Organization","@id":"https:\/\/jfn-univ.com\/#organization","name":"JFN hui","url":"https:\/\/jfn-univ.com\/","logo":{"@type":"ImageObject","inLanguage":"fr-FR","@id":"https:\/\/jfn-univ.com\/#\/schema\/logo\/image\/","url":"https:\/\/jfn-univ.com\/wp-content\/uploads\/2024\/07\/jfn-hui-logo.png","contentUrl":"https:\/\/jfn-univ.com\/wp-content\/uploads\/2024\/07\/jfn-hui-logo.png","width":198,"height":52,"caption":"JFN hui"},"image":{"@id":"https:\/\/jfn-univ.com\/#\/schema\/logo\/image\/"}}]}},"lang":"fr","translations":{"fr":280178},"pll_sync_post":[],"_links":{"self":[{"href":"https:\/\/jfn-univ.com\/index.php\/wp-json\/wp\/v2\/pages\/280178","targetHints":{"allow":["GET"]}}],"collection":[{"href":"https:\/\/jfn-univ.com\/index.php\/wp-json\/wp\/v2\/pages"}],"about":[{"href":"https:\/\/jfn-univ.com\/index.php\/wp-json\/wp\/v2\/types\/page"}],"author":[{"embeddable":true,"href":"https:\/\/jfn-univ.com\/index.php\/wp-json\/wp\/v2\/users\/1"}],"replies":[{"embeddable":true,"href":"https:\/\/jfn-univ.com\/index.php\/wp-json\/wp\/v2\/comments?post=280178"}],"version-history":[{"count":18,"href":"https:\/\/jfn-univ.com\/index.php\/wp-json\/wp\/v2\/pages\/280178\/revisions"}],"predecessor-version":[{"id":282716,"href":"https:\/\/jfn-univ.com\/index.php\/wp-json\/wp\/v2\/pages\/280178\/revisions\/282716"}],"up":[{"embeddable":true,"href":"https:\/\/jfn-univ.com\/index.php\/wp-json\/wp\/v2\/pages\/279685"}],"wp:attachment":[{"href":"https:\/\/jfn-univ.com\/index.php\/wp-json\/wp\/v2\/media?parent=280178"}],"curies":[{"name":"wp","href":"https:\/\/api.w.org\/{rel}","templated":true}]}}