{"id":280121,"date":"2024-08-19T14:32:50","date_gmt":"2024-08-19T13:32:50","guid":{"rendered":"https:\/\/jfn-univ.com\/?page_id=280121"},"modified":"2025-09-05T10:51:43","modified_gmt":"2025-09-05T09:51:43","slug":"labs-projets-pratiques","status":"publish","type":"page","link":"https:\/\/jfn-univ.com\/index.php\/certification\/aws-2\/labs-projets-pratiques\/","title":{"rendered":"Labs &#038; Projets pratiques"},"content":{"rendered":"<p>[et_pb_section fb_built=\u00a0\u00bb1&Prime; _builder_version=\u00a0\u00bb4.26.1&Prime; _module_preset=\u00a0\u00bbdefault\u00a0\u00bb background_image=\u00a0\u00bbhttps:\/\/jfn-univ.com\/wp-content\/uploads\/2025\/06\/Certification-cloud.jpg\u00a0\u00bb global_colors_info=\u00a0\u00bb{}\u00a0\u00bb theme_builder_area=\u00a0\u00bbpost_content\u00a0\u00bb][et_pb_row _builder_version=\u00a0\u00bb4.26.1&Prime; _module_preset=\u00a0\u00bbdefault\u00a0\u00bb global_colors_info=\u00a0\u00bb{}\u00a0\u00bb theme_builder_area=\u00a0\u00bbpost_content\u00a0\u00bb][et_pb_column type=\u00a0\u00bb4_4&Prime; _builder_version=\u00a0\u00bb4.26.1&Prime; _module_preset=\u00a0\u00bbdefault\u00a0\u00bb global_colors_info=\u00a0\u00bb{}\u00a0\u00bb theme_builder_area=\u00a0\u00bbpost_content\u00a0\u00bb][\/et_pb_column][\/et_pb_row][\/et_pb_section][et_pb_section fb_built=\u00a0\u00bb1&Prime; _builder_version=\u00a0\u00bb4.26.1&Prime; _module_preset=\u00a0\u00bbdefault\u00a0\u00bb global_colors_info=\u00a0\u00bb{}\u00a0\u00bb theme_builder_area=\u00a0\u00bbpost_content\u00a0\u00bb][et_pb_row _builder_version=\u00a0\u00bb4.26.1&Prime; _module_preset=\u00a0\u00bbdefault\u00a0\u00bb global_colors_info=\u00a0\u00bb{}\u00a0\u00bb theme_builder_area=\u00a0\u00bbpost_content\u00a0\u00bb][et_pb_column type=\u00a0\u00bb4_4&Prime; _builder_version=\u00a0\u00bb4.26.1&Prime; _module_preset=\u00a0\u00bbdefault\u00a0\u00bb global_colors_info=\u00a0\u00bb{}\u00a0\u00bb theme_builder_area=\u00a0\u00bbpost_content\u00a0\u00bb][df_adh_heading title_prefix=\u00a0\u00bbLabs &#038; Projets pratiques (Learner Lab inclus)\u00a0\u00bb _builder_version=\u00a0\u00bb4.26.1&Prime; _module_preset=\u00a0\u00bbdefault\u00a0\u00bb t_prefix_font=\u00a0\u00bbPoppins|600|||||||\u00a0\u00bb t_prefix_text_color=\u00a0\u00bb#a4213c\u00a0\u00bb hover_enabled=\u00a0\u00bb0&Prime; global_colors_info=\u00a0\u00bb{}\u00a0\u00bb theme_builder_area=\u00a0\u00bbpost_content\u00a0\u00bb sticky_enabled=\u00a0\u00bb0&Prime;][\/df_adh_heading][et_pb_text _builder_version=\u00a0\u00bb4.26.1&Prime; _module_preset=\u00a0\u00bbdefault\u00a0\u00bb text_orientation=\u00a0\u00bbjustified\u00a0\u00bb global_colors_info=\u00a0\u00bb{}\u00a0\u00bb theme_builder_area=\u00a0\u00bbpost_content\u00a0\u00bb]Le Cloud, une comp\u00e9tence d\u2019avenir Avec la croissance de l\u2019\u00e9conomie num\u00e9rique, la ma\u00eetrise des technologies cloud est devenue indispensable. AWS, leader mondial du cloud, propose via AWS Academy un parcours de formation reconnu internationalement et align\u00e9 sur les certifications officielles AWS.[\/et_pb_text][\/et_pb_column][\/et_pb_row][et_pb_row _builder_version=\u00a0\u00bb4.26.1&Prime; _module_preset=\u00a0\u00bbdefault\u00a0\u00bb global_colors_info=\u00a0\u00bb{}\u00a0\u00bb theme_builder_area=\u00a0\u00bbpost_content\u00a0\u00bb][et_pb_column type=\u00a0\u00bb4_4&Prime; _builder_version=\u00a0\u00bb4.26.1&Prime; _module_preset=\u00a0\u00bbdefault\u00a0\u00bb global_colors_info=\u00a0\u00bb{}\u00a0\u00bb theme_builder_area=\u00a0\u00bbpost_content\u00a0\u00bb][et_pb_text _builder_version=\u00a0\u00bb4.26.1&Prime; _module_preset=\u00a0\u00bbdefault\u00a0\u00bb hover_enabled=\u00a0\u00bb0&Prime; global_colors_info=\u00a0\u00bb{}\u00a0\u00bb theme_builder_area=\u00a0\u00bbpost_content\u00a0\u00bb sticky_enabled=\u00a0\u00bb0&Prime;]Dur\u00e9e : 10\u201320 h de pratique par projet<br \/>\nExemples de projets :<br \/>\nCloud Data Pipeline Builder<br \/>\nCloud Web Application Builder<br \/>\nCloud Security Builder<br \/>\nMicroservices &#038; CI\/CD Pipeline Builder<br \/>\n[\/et_pb_text][\/et_pb_column][\/et_pb_row][et_pb_row _builder_version=\u00a0\u00bb4.26.1&Prime; _module_preset=\u00a0\u00bbdefault\u00a0\u00bb global_colors_info=\u00a0\u00bb{}\u00a0\u00bb theme_builder_area=\u00a0\u00bbpost_content\u00a0\u00bb][et_pb_column type=\u00a0\u00bb4_4&Prime; _builder_version=\u00a0\u00bb4.26.1&Prime; _module_preset=\u00a0\u00bbdefault\u00a0\u00bb global_colors_info=\u00a0\u00bb{}\u00a0\u00bb theme_builder_area=\u00a0\u00bbpost_content\u00a0\u00bb][et_pb_button button_url=\u00a0\u00bbhttps:\/\/jfn-univ.com\/?page_id=280788&Prime; button_text=\u00a0\u00bbJE M&rsquo;INSCRIT\u00a0\u00bb button_alignment=\u00a0\u00bbcenter\u00a0\u00bb _builder_version=\u00a0\u00bb4.26.1&Prime; _module_preset=\u00a0\u00bbdefault\u00a0\u00bb custom_button=\u00a0\u00bbon\u00a0\u00bb button_text_color=\u00a0\u00bb#FFFFFF\u00a0\u00bb button_bg_color=\u00a0\u00bb#A4213C\u00a0\u00bb button_border_radius=\u00a0\u00bb8px\u00a0\u00bb global_colors_info=\u00a0\u00bb{}\u00a0\u00bb theme_builder_area=\u00a0\u00bbpost_content\u00a0\u00bb][\/et_pb_button][\/et_pb_column][\/et_pb_row][\/et_pb_section][et_pb_section fb_built=\u00a0\u00bb1&Prime; _builder_version=\u00a0\u00bb4.26.1&Prime; _module_preset=\u00a0\u00bbdefault\u00a0\u00bb background_color=\u00a0\u00bb#a08237&Prime; global_module=\u00a0\u00bb915&Prime; locked=\u00a0\u00bboff\u00a0\u00bb global_colors_info=\u00a0\u00bb{}\u00a0\u00bb theme_builder_area=\u00a0\u00bbpost_content\u00a0\u00bb][et_pb_row _builder_version=\u00a0\u00bb4.26.1&Prime; _module_preset=\u00a0\u00bbdefault\u00a0\u00bb global_colors_info=\u00a0\u00bb{}\u00a0\u00bb theme_builder_area=\u00a0\u00bbpost_content\u00a0\u00bb][et_pb_column type=\u00a0\u00bb4_4&Prime; _builder_version=\u00a0\u00bb4.26.1&Prime; _module_preset=\u00a0\u00bbdefault\u00a0\u00bb global_colors_info=\u00a0\u00bb{}\u00a0\u00bb theme_builder_area=\u00a0\u00bbpost_content\u00a0\u00bb][et_pb_text _builder_version=\u00a0\u00bb4.26.1&Prime; _module_preset=\u00a0\u00bbdefault\u00a0\u00bb text_font=\u00a0\u00bbPoppins|700|||||||\u00a0\u00bb text_text_color=\u00a0\u00bb#000000&Prime; text_font_size=\u00a0\u00bb29px\u00a0\u00bb text_orientation=\u00a0\u00bbcenter\u00a0\u00bb global_colors_info=\u00a0\u00bb{}\u00a0\u00bb theme_builder_area=\u00a0\u00bbpost_content\u00a0\u00bb]<\/p>\n<p>En Savoir Plus ?<\/p>\n<p>[\/et_pb_text][et_pb_text _builder_version=\u00a0\u00bb4.26.1&Prime; _module_preset=\u00a0\u00bbdefault\u00a0\u00bb text_font=\u00a0\u00bbPoppins|500|||||||\u00a0\u00bb text_text_color=\u00a0\u00bb#FFFFFF\u00a0\u00bb header_font=\u00a0\u00bb|600|||||||\u00a0\u00bb header_4_font=\u00a0\u00bb|600|||||||\u00a0\u00bb text_orientation=\u00a0\u00bbcenter\u00a0\u00bb custom_margin=\u00a0\u00bb-24px||||false|false\u00a0\u00bb global_colors_info=\u00a0\u00bb{}\u00a0\u00bb theme_builder_area=\u00a0\u00bbpost_content\u00a0\u00bb]<\/p>\n<h4>Demandez une documentation !<\/h4>\n<p>[\/et_pb_text][\/et_pb_column][\/et_pb_row][et_pb_row _builder_version=\u00a0\u00bb4.26.1&Prime; _module_preset=\u00a0\u00bbdefault\u00a0\u00bb width=\u00a0\u00bb44%\u00a0\u00bb width_tablet=\u00a0\u00bb44%\u00a0\u00bb width_phone=\u00a0\u00bb90%\u00a0\u00bb width_last_edited=\u00a0\u00bbon|phone\u00a0\u00bb max_width=\u00a0\u00bb1087px\u00a0\u00bb module_alignment=\u00a0\u00bbcenter\u00a0\u00bb custom_margin=\u00a0\u00bb-58px||||false|false\u00a0\u00bb global_colors_info=\u00a0\u00bb{}\u00a0\u00bb theme_builder_area=\u00a0\u00bbpost_content\u00a0\u00bb][et_pb_column type=\u00a0\u00bb4_4&Prime; _builder_version=\u00a0\u00bb4.26.1&Prime; _module_preset=\u00a0\u00bbdefault\u00a0\u00bb global_colors_info=\u00a0\u00bb{}\u00a0\u00bb theme_builder_area=\u00a0\u00bbpost_content\u00a0\u00bb][difl_wpforms wpforms=\u00a0\u00bb280272&Prime; _builder_version=\u00a0\u00bb4.26.1&Prime; _module_preset=\u00a0\u00bbdefault\u00a0\u00bb global_colors_info=\u00a0\u00bb{}\u00a0\u00bb theme_builder_area=\u00a0\u00bbpost_content\u00a0\u00bb][\/difl_wpforms][\/et_pb_column][\/et_pb_row][\/et_pb_section]<\/p>\n","protected":false},"excerpt":{"rendered":"<p><div class=\"et_pb_module df_adh_heading df_adh_heading_0\">\n\t\t\t\t\n\t\t\t\t\n\t\t\t\t\n\t\t\t\t\n\t\t\t\t\n\t\t\t\t\n\t\t\t\t<div class=\"et_pb_module_inner\">\n\t\t\t\t\t<div class=\"df-heading-container\">\r\n                \r\n                \r\n                <h4 class=\"df-heading\"><span class=\"prefix\">Labs &#038; Projets pratiques (Learner Lab inclus)<\/span>  <\/h4>\r\n                \r\n            <\/div>\n\t\t\t\t<\/div>\n\t\t\t<\/div>Le Cloud, une comp\u00e9tence d\u2019avenir Avec la croissance de l\u2019\u00e9conomie num\u00e9rique, la ma\u00eetrise des technologies cloud est devenue indispensable. AWS, leader mondial du cloud, propose via AWS Academy un parcours de formation reconnu internationalement et align\u00e9 sur les certifications officielles [&hellip;]<\/p>\n","protected":false},"author":1,"featured_media":0,"parent":280114,"menu_order":0,"comment_status":"closed","ping_status":"closed","template":"","meta":{"_et_pb_use_builder":"on","_et_pb_old_content":"<!-- wp:divi\/placeholder \/-->","_et_gb_content_width":"","_monsterinsights_skip_tracking":false,"_monsterinsights_sitenote_active":false,"_monsterinsights_sitenote_note":"","_monsterinsights_sitenote_category":0,"footnotes":""},"class_list":["post-280121","page","type-page","status-publish","hentry"],"yoast_head":"<!-- This site is optimized with the Yoast SEO plugin v27.4 - https:\/\/yoast.com\/product\/yoast-seo-wordpress\/ -->\n<title>Labs &amp; Projets pratiques - JFN-HUI<\/title>\n<meta name=\"robots\" content=\"index, follow, max-snippet:-1, max-image-preview:large, max-video-preview:-1\" \/>\n<link rel=\"canonical\" href=\"https:\/\/jfn-univ.com\/index.php\/certification\/aws-2\/labs-projets-pratiques\/\" \/>\n<meta property=\"og:locale\" content=\"fr_FR\" \/>\n<meta property=\"og:type\" content=\"article\" \/>\n<meta property=\"og:title\" content=\"Labs &amp; Projets pratiques - JFN-HUI\" \/>\n<meta property=\"og:description\" content=\"Le Cloud, une comp\u00e9tence d\u2019avenir Avec la croissance de l\u2019\u00e9conomie num\u00e9rique, la ma\u00eetrise des technologies cloud est devenue indispensable. AWS, leader mondial du cloud, propose via AWS Academy un parcours de formation reconnu internationalement et align\u00e9 sur les certifications officielles [&hellip;]\" \/>\n<meta property=\"og:url\" content=\"https:\/\/jfn-univ.com\/index.php\/certification\/aws-2\/labs-projets-pratiques\/\" \/>\n<meta property=\"og:site_name\" content=\"JFN-HUI\" \/>\n<meta property=\"article:modified_time\" content=\"2025-09-05T09:51:43+00:00\" \/>\n<meta name=\"twitter:card\" content=\"summary_large_image\" \/>\n<meta name=\"twitter:label1\" content=\"Dur\u00e9e de lecture estim\u00e9e\" \/>\n\t<meta name=\"twitter:data1\" content=\"3 minutes\" \/>\n<script type=\"application\/ld+json\" class=\"yoast-schema-graph\">{\"@context\":\"https:\\\/\\\/schema.org\",\"@graph\":[{\"@type\":\"WebPage\",\"@id\":\"https:\\\/\\\/jfn-univ.com\\\/index.php\\\/certification\\\/aws-2\\\/labs-projets-pratiques\\\/\",\"url\":\"https:\\\/\\\/jfn-univ.com\\\/index.php\\\/certification\\\/aws-2\\\/labs-projets-pratiques\\\/\",\"name\":\"Labs & Projets pratiques - JFN-HUI\",\"isPartOf\":{\"@id\":\"https:\\\/\\\/jfn-univ.com\\\/#website\"},\"datePublished\":\"2024-08-19T13:32:50+00:00\",\"dateModified\":\"2025-09-05T09:51:43+00:00\",\"breadcrumb\":{\"@id\":\"https:\\\/\\\/jfn-univ.com\\\/index.php\\\/certification\\\/aws-2\\\/labs-projets-pratiques\\\/#breadcrumb\"},\"inLanguage\":\"fr-FR\",\"potentialAction\":[{\"@type\":\"ReadAction\",\"target\":[\"https:\\\/\\\/jfn-univ.com\\\/index.php\\\/certification\\\/aws-2\\\/labs-projets-pratiques\\\/\"]}]},{\"@type\":\"BreadcrumbList\",\"@id\":\"https:\\\/\\\/jfn-univ.com\\\/index.php\\\/certification\\\/aws-2\\\/labs-projets-pratiques\\\/#breadcrumb\",\"itemListElement\":[{\"@type\":\"ListItem\",\"position\":1,\"name\":\"Home\",\"item\":\"https:\\\/\\\/jfn-univ.com\\\/\"},{\"@type\":\"ListItem\",\"position\":2,\"name\":\"Certification\",\"item\":\"https:\\\/\\\/jfn-univ.com\\\/index.php\\\/certification\\\/\"},{\"@type\":\"ListItem\",\"position\":3,\"name\":\"Aws\",\"item\":\"https:\\\/\\\/jfn-univ.com\\\/index.php\\\/certification\\\/aws-2\\\/\"},{\"@type\":\"ListItem\",\"position\":4,\"name\":\"Labs &#038; Projets pratiques\"}]},{\"@type\":\"WebSite\",\"@id\":\"https:\\\/\\\/jfn-univ.com\\\/#website\",\"url\":\"https:\\\/\\\/jfn-univ.com\\\/\",\"name\":\"JFN HUI\",\"description\":\"innovation for a better world\",\"publisher\":{\"@id\":\"https:\\\/\\\/jfn-univ.com\\\/#organization\"},\"potentialAction\":[{\"@type\":\"SearchAction\",\"target\":{\"@type\":\"EntryPoint\",\"urlTemplate\":\"https:\\\/\\\/jfn-univ.com\\\/?s={search_term_string}\"},\"query-input\":{\"@type\":\"PropertyValueSpecification\",\"valueRequired\":true,\"valueName\":\"search_term_string\"}}],\"inLanguage\":\"fr-FR\"},{\"@type\":\"Organization\",\"@id\":\"https:\\\/\\\/jfn-univ.com\\\/#organization\",\"name\":\"JFN hui\",\"url\":\"https:\\\/\\\/jfn-univ.com\\\/\",\"logo\":{\"@type\":\"ImageObject\",\"inLanguage\":\"fr-FR\",\"@id\":\"https:\\\/\\\/jfn-univ.com\\\/#\\\/schema\\\/logo\\\/image\\\/\",\"url\":\"https:\\\/\\\/jfn-univ.com\\\/wp-content\\\/uploads\\\/2024\\\/07\\\/jfn-hui-logo.png\",\"contentUrl\":\"https:\\\/\\\/jfn-univ.com\\\/wp-content\\\/uploads\\\/2024\\\/07\\\/jfn-hui-logo.png\",\"width\":198,\"height\":52,\"caption\":\"JFN hui\"},\"image\":{\"@id\":\"https:\\\/\\\/jfn-univ.com\\\/#\\\/schema\\\/logo\\\/image\\\/\"}}]}<\/script>\n<!-- \/ Yoast SEO plugin. -->","yoast_head_json":{"title":"Labs & Projets pratiques - JFN-HUI","robots":{"index":"index","follow":"follow","max-snippet":"max-snippet:-1","max-image-preview":"max-image-preview:large","max-video-preview":"max-video-preview:-1"},"canonical":"https:\/\/jfn-univ.com\/index.php\/certification\/aws-2\/labs-projets-pratiques\/","og_locale":"fr_FR","og_type":"article","og_title":"Labs & Projets pratiques - JFN-HUI","og_description":"Le Cloud, une comp\u00e9tence d\u2019avenir Avec la croissance de l\u2019\u00e9conomie num\u00e9rique, la ma\u00eetrise des technologies cloud est devenue indispensable. AWS, leader mondial du cloud, propose via AWS Academy un parcours de formation reconnu internationalement et align\u00e9 sur les certifications officielles [&hellip;]","og_url":"https:\/\/jfn-univ.com\/index.php\/certification\/aws-2\/labs-projets-pratiques\/","og_site_name":"JFN-HUI","article_modified_time":"2025-09-05T09:51:43+00:00","twitter_card":"summary_large_image","twitter_misc":{"Dur\u00e9e de lecture estim\u00e9e":"3 minutes"},"schema":{"@context":"https:\/\/schema.org","@graph":[{"@type":"WebPage","@id":"https:\/\/jfn-univ.com\/index.php\/certification\/aws-2\/labs-projets-pratiques\/","url":"https:\/\/jfn-univ.com\/index.php\/certification\/aws-2\/labs-projets-pratiques\/","name":"Labs & Projets pratiques - JFN-HUI","isPartOf":{"@id":"https:\/\/jfn-univ.com\/#website"},"datePublished":"2024-08-19T13:32:50+00:00","dateModified":"2025-09-05T09:51:43+00:00","breadcrumb":{"@id":"https:\/\/jfn-univ.com\/index.php\/certification\/aws-2\/labs-projets-pratiques\/#breadcrumb"},"inLanguage":"fr-FR","potentialAction":[{"@type":"ReadAction","target":["https:\/\/jfn-univ.com\/index.php\/certification\/aws-2\/labs-projets-pratiques\/"]}]},{"@type":"BreadcrumbList","@id":"https:\/\/jfn-univ.com\/index.php\/certification\/aws-2\/labs-projets-pratiques\/#breadcrumb","itemListElement":[{"@type":"ListItem","position":1,"name":"Home","item":"https:\/\/jfn-univ.com\/"},{"@type":"ListItem","position":2,"name":"Certification","item":"https:\/\/jfn-univ.com\/index.php\/certification\/"},{"@type":"ListItem","position":3,"name":"Aws","item":"https:\/\/jfn-univ.com\/index.php\/certification\/aws-2\/"},{"@type":"ListItem","position":4,"name":"Labs &#038; Projets pratiques"}]},{"@type":"WebSite","@id":"https:\/\/jfn-univ.com\/#website","url":"https:\/\/jfn-univ.com\/","name":"JFN HUI","description":"innovation for a better world","publisher":{"@id":"https:\/\/jfn-univ.com\/#organization"},"potentialAction":[{"@type":"SearchAction","target":{"@type":"EntryPoint","urlTemplate":"https:\/\/jfn-univ.com\/?s={search_term_string}"},"query-input":{"@type":"PropertyValueSpecification","valueRequired":true,"valueName":"search_term_string"}}],"inLanguage":"fr-FR"},{"@type":"Organization","@id":"https:\/\/jfn-univ.com\/#organization","name":"JFN hui","url":"https:\/\/jfn-univ.com\/","logo":{"@type":"ImageObject","inLanguage":"fr-FR","@id":"https:\/\/jfn-univ.com\/#\/schema\/logo\/image\/","url":"https:\/\/jfn-univ.com\/wp-content\/uploads\/2024\/07\/jfn-hui-logo.png","contentUrl":"https:\/\/jfn-univ.com\/wp-content\/uploads\/2024\/07\/jfn-hui-logo.png","width":198,"height":52,"caption":"JFN hui"},"image":{"@id":"https:\/\/jfn-univ.com\/#\/schema\/logo\/image\/"}}]}},"lang":"fr","translations":{"fr":280121},"pll_sync_post":[],"_links":{"self":[{"href":"https:\/\/jfn-univ.com\/index.php\/wp-json\/wp\/v2\/pages\/280121","targetHints":{"allow":["GET"]}}],"collection":[{"href":"https:\/\/jfn-univ.com\/index.php\/wp-json\/wp\/v2\/pages"}],"about":[{"href":"https:\/\/jfn-univ.com\/index.php\/wp-json\/wp\/v2\/types\/page"}],"author":[{"embeddable":true,"href":"https:\/\/jfn-univ.com\/index.php\/wp-json\/wp\/v2\/users\/1"}],"replies":[{"embeddable":true,"href":"https:\/\/jfn-univ.com\/index.php\/wp-json\/wp\/v2\/comments?post=280121"}],"version-history":[{"count":5,"href":"https:\/\/jfn-univ.com\/index.php\/wp-json\/wp\/v2\/pages\/280121\/revisions"}],"predecessor-version":[{"id":282753,"href":"https:\/\/jfn-univ.com\/index.php\/wp-json\/wp\/v2\/pages\/280121\/revisions\/282753"}],"up":[{"embeddable":true,"href":"https:\/\/jfn-univ.com\/index.php\/wp-json\/wp\/v2\/pages\/280114"}],"wp:attachment":[{"href":"https:\/\/jfn-univ.com\/index.php\/wp-json\/wp\/v2\/media?parent=280121"}],"curies":[{"name":"wp","href":"https:\/\/api.w.org\/{rel}","templated":true}]}}