{"id":12,"date":"2024-07-22T12:16:08","date_gmt":"2024-07-22T10:16:08","guid":{"rendered":"https:\/\/jfn-univ.com\/?page_id=12"},"modified":"2025-06-26T16:37:13","modified_gmt":"2025-06-26T15:37:13","slug":"admission","status":"publish","type":"page","link":"https:\/\/jfn-univ.com\/index.php\/admission\/","title":{"rendered":"admission"},"content":{"rendered":"<p>[et_pb_section fb_built=\u00a0\u00bb1&Prime; _builder_version=\u00a0\u00bb4.26.1&Prime; _module_preset=\u00a0\u00bbdefault\u00a0\u00bb background_image=\u00a0\u00bbhttps:\/\/jfn-univ.com\/wp-content\/uploads\/2025\/06\/Admision.jpg\u00a0\u00bb global_colors_info=\u00a0\u00bb{}\u00a0\u00bb][et_pb_row _builder_version=\u00a0\u00bb4.26.1&Prime; _module_preset=\u00a0\u00bbdefault\u00a0\u00bb global_colors_info=\u00a0\u00bb{}\u00a0\u00bb][et_pb_column type=\u00a0\u00bb4_4&Prime; _builder_version=\u00a0\u00bb4.26.1&Prime; _module_preset=\u00a0\u00bbdefault\u00a0\u00bb global_colors_info=\u00a0\u00bb{}\u00a0\u00bb][\/et_pb_column][\/et_pb_row][\/et_pb_section][et_pb_section fb_built=\u00a0\u00bb1&Prime; _builder_version=\u00a0\u00bb4.26.1&Prime; _module_preset=\u00a0\u00bbdefault\u00a0\u00bb custom_margin=\u00a0\u00bb||-138px||false|false\u00a0\u00bb custom_padding=\u00a0\u00bb||||false|false\u00a0\u00bb global_colors_info=\u00a0\u00bb{}\u00a0\u00bb][et_pb_row _builder_version=\u00a0\u00bb4.26.1&Prime; _module_preset=\u00a0\u00bbdefault\u00a0\u00bb global_colors_info=\u00a0\u00bb{}\u00a0\u00bb][et_pb_column type=\u00a0\u00bb4_4&Prime; _builder_version=\u00a0\u00bb4.26.1&Prime; _module_preset=\u00a0\u00bbdefault\u00a0\u00bb global_colors_info=\u00a0\u00bb{}\u00a0\u00bb][df_adh_heading title_prefix=\u00a0\u00bbADMISSION A JFN-HUI\u00a0\u00bb _builder_version=\u00a0\u00bb4.26.1&Prime; _module_preset=\u00a0\u00bbdefault\u00a0\u00bb t_prefix_font=\u00a0\u00bbPoppins|600|||||||\u00a0\u00bb t_prefix_text_color=\u00a0\u00bb#a4213c\u00a0\u00bb global_colors_info=\u00a0\u00bb{}\u00a0\u00bb][\/df_adh_heading][et_pb_text _builder_version=\u00a0\u00bb4.26.1&Prime; _module_preset=\u00a0\u00bbdefault\u00a0\u00bb text_orientation=\u00a0\u00bbcenter\u00a0\u00bb global_colors_info=\u00a0\u00bb{}\u00a0\u00bb]<\/p>\n<p>Pour int\u00e9grer JFN HUI, les candidats sont \u00e9valu\u00e9s \u00e0 travers une proc\u00e9dure d&rsquo;admission rigoureuse. Selon la formation vis\u00e9e, l&rsquo;admission se fait sur la base d&rsquo;un concours ou d&rsquo;une \u00e9tude approfondie du dossier. Cette double approche permet de s\u00e9lectionner les candidats les plus motiv\u00e9s et les plus aptes \u00e0 r\u00e9ussir dans nos programmes.<\/p>\n<p>[\/et_pb_text][\/et_pb_column][\/et_pb_row][\/et_pb_section][et_pb_section fb_built=\u00a0\u00bb1&Prime; _builder_version=\u00a0\u00bb4.26.1&Prime; _module_preset=\u00a0\u00bbdefault\u00a0\u00bb global_colors_info=\u00a0\u00bb{}\u00a0\u00bb][et_pb_row _builder_version=\u00a0\u00bb4.26.1&Prime; _module_preset=\u00a0\u00bbdefault\u00a0\u00bb global_colors_info=\u00a0\u00bb{}\u00a0\u00bb][et_pb_column type=\u00a0\u00bb4_4&Prime; _builder_version=\u00a0\u00bb4.26.1&Prime; _module_preset=\u00a0\u00bbdefault\u00a0\u00bb global_colors_info=\u00a0\u00bb{}\u00a0\u00bb][difl_wpforms wpforms=\u00a0\u00bb280505&Prime; _builder_version=\u00a0\u00bb4.26.1&Prime; _module_preset=\u00a0\u00bbdefault\u00a0\u00bb global_colors_info=\u00a0\u00bb{}\u00a0\u00bb][\/difl_wpforms][\/et_pb_column][\/et_pb_row][\/et_pb_section][et_pb_section fb_built=\u00a0\u00bb1&Prime; _builder_version=\u00a0\u00bb4.26.1&Prime; _module_preset=\u00a0\u00bbdefault\u00a0\u00bb background_color=\u00a0\u00bb#a08237&Prime; global_module=\u00a0\u00bb915&Prime; locked=\u00a0\u00bboff\u00a0\u00bb global_colors_info=\u00a0\u00bb{}\u00a0\u00bb][et_pb_row _builder_version=\u00a0\u00bb4.26.1&Prime; _module_preset=\u00a0\u00bbdefault\u00a0\u00bb global_colors_info=\u00a0\u00bb{}\u00a0\u00bb][et_pb_column type=\u00a0\u00bb4_4&Prime; _builder_version=\u00a0\u00bb4.26.1&Prime; _module_preset=\u00a0\u00bbdefault\u00a0\u00bb global_colors_info=\u00a0\u00bb{}\u00a0\u00bb][et_pb_text _builder_version=\u00a0\u00bb4.26.1&Prime; _module_preset=\u00a0\u00bbdefault\u00a0\u00bb text_font=\u00a0\u00bbPoppins|700|||||||\u00a0\u00bb text_text_color=\u00a0\u00bb#000000&Prime; text_font_size=\u00a0\u00bb29px\u00a0\u00bb text_orientation=\u00a0\u00bbcenter\u00a0\u00bb global_colors_info=\u00a0\u00bb{}\u00a0\u00bb]<\/p>\n<p>En Savoir Plus ?<\/p>\n<p>[\/et_pb_text][et_pb_text _builder_version=\u00a0\u00bb4.26.1&Prime; _module_preset=\u00a0\u00bbdefault\u00a0\u00bb text_font=\u00a0\u00bbPoppins|500|||||||\u00a0\u00bb text_text_color=\u00a0\u00bb#FFFFFF\u00a0\u00bb header_font=\u00a0\u00bb|600|||||||\u00a0\u00bb header_4_font=\u00a0\u00bb|600|||||||\u00a0\u00bb text_orientation=\u00a0\u00bbcenter\u00a0\u00bb custom_margin=\u00a0\u00bb-24px||||false|false\u00a0\u00bb global_colors_info=\u00a0\u00bb{}\u00a0\u00bb]<\/p>\n<h4>Demandez une documentation !<\/h4>\n<p>[\/et_pb_text][\/et_pb_column][\/et_pb_row][et_pb_row _builder_version=\u00a0\u00bb4.26.1&Prime; _module_preset=\u00a0\u00bbdefault\u00a0\u00bb width=\u00a0\u00bb44%\u00a0\u00bb width_tablet=\u00a0\u00bb44%\u00a0\u00bb width_phone=\u00a0\u00bb90%\u00a0\u00bb width_last_edited=\u00a0\u00bbon|phone\u00a0\u00bb max_width=\u00a0\u00bb1087px\u00a0\u00bb module_alignment=\u00a0\u00bbcenter\u00a0\u00bb custom_margin=\u00a0\u00bb-58px||||false|false\u00a0\u00bb global_colors_info=\u00a0\u00bb{}\u00a0\u00bb][et_pb_column type=\u00a0\u00bb4_4&Prime; _builder_version=\u00a0\u00bb4.26.1&Prime; _module_preset=\u00a0\u00bbdefault\u00a0\u00bb global_colors_info=\u00a0\u00bb{}\u00a0\u00bb][difl_wpforms wpforms=\u00a0\u00bb280272&Prime; _builder_version=\u00a0\u00bb4.26.1&Prime; _module_preset=\u00a0\u00bbdefault\u00a0\u00bb global_colors_info=\u00a0\u00bb{}\u00a0\u00bb][\/difl_wpforms][\/et_pb_column][\/et_pb_row][\/et_pb_section]<\/p>\n","protected":false},"excerpt":{"rendered":"<p><div class=\"et_pb_module df_adh_heading df_adh_heading_0\">\n\t\t\t\t\n\t\t\t\t\n\t\t\t\t\n\t\t\t\t\n\t\t\t\t\n\t\t\t\t\n\t\t\t\t<div class=\"et_pb_module_inner\">\n\t\t\t\t\t<div class=\"df-heading-container\">\r\n                \r\n                \r\n                <h4 class=\"df-heading\"><span class=\"prefix\">ADMISSION A JFN-HUI<\/span>  <\/h4>\r\n                \r\n            <\/div>\n\t\t\t\t<\/div>\n\t\t\t<\/div>Pour int\u00e9grer JFN HUI, les candidats sont \u00e9valu\u00e9s \u00e0 travers une proc\u00e9dure d&rsquo;admission rigoureuse. Selon la formation vis\u00e9e, l&rsquo;admission se fait sur la base d&rsquo;un concours ou d&rsquo;une \u00e9tude approfondie du dossier. Cette double approche permet de s\u00e9lectionner les candidats les plus motiv\u00e9s et les plus aptes [&hellip;]<\/p>\n","protected":false},"author":1,"featured_media":0,"parent":0,"menu_order":0,"comment_status":"closed","ping_status":"closed","template":"","meta":{"_et_pb_use_builder":"on","_et_pb_old_content":"","_et_gb_content_width":"","_monsterinsights_skip_tracking":false,"_monsterinsights_sitenote_active":false,"_monsterinsights_sitenote_note":"","_monsterinsights_sitenote_category":0,"footnotes":""},"class_list":["post-12","page","type-page","status-publish","hentry"],"yoast_head":"<!-- This site is optimized with the Yoast SEO plugin v27.4 - https:\/\/yoast.com\/product\/yoast-seo-wordpress\/ -->\n<title>admission - JFN-HUI<\/title>\n<meta name=\"robots\" content=\"index, follow, max-snippet:-1, max-image-preview:large, max-video-preview:-1\" \/>\n<link rel=\"canonical\" href=\"https:\/\/jfn-univ.com\/index.php\/admission\/\" \/>\n<meta property=\"og:locale\" content=\"fr_FR\" \/>\n<meta property=\"og:type\" content=\"article\" \/>\n<meta property=\"og:title\" content=\"admission - JFN-HUI\" \/>\n<meta property=\"og:description\" content=\"Pour int\u00e9grer JFN HUI, les candidats sont \u00e9valu\u00e9s \u00e0 travers une proc\u00e9dure d&#039;admission rigoureuse. Selon la formation vis\u00e9e, l&#039;admission se fait sur la base d&#039;un concours ou d&#039;une \u00e9tude approfondie du dossier. Cette double approche permet de s\u00e9lectionner les candidats les plus motiv\u00e9s et les plus aptes [&hellip;]\" \/>\n<meta property=\"og:url\" content=\"https:\/\/jfn-univ.com\/index.php\/admission\/\" \/>\n<meta property=\"og:site_name\" content=\"JFN-HUI\" \/>\n<meta property=\"article:modified_time\" content=\"2025-06-26T15:37:13+00:00\" \/>\n<meta name=\"twitter:card\" content=\"summary_large_image\" \/>\n<meta name=\"twitter:label1\" content=\"Dur\u00e9e de lecture estim\u00e9e\" \/>\n\t<meta name=\"twitter:data1\" content=\"2 minutes\" \/>\n<script type=\"application\/ld+json\" class=\"yoast-schema-graph\">{\"@context\":\"https:\\\/\\\/schema.org\",\"@graph\":[{\"@type\":\"WebPage\",\"@id\":\"https:\\\/\\\/jfn-univ.com\\\/index.php\\\/admission\\\/\",\"url\":\"https:\\\/\\\/jfn-univ.com\\\/index.php\\\/admission\\\/\",\"name\":\"admission - JFN-HUI\",\"isPartOf\":{\"@id\":\"https:\\\/\\\/jfn-univ.com\\\/#website\"},\"datePublished\":\"2024-07-22T10:16:08+00:00\",\"dateModified\":\"2025-06-26T15:37:13+00:00\",\"breadcrumb\":{\"@id\":\"https:\\\/\\\/jfn-univ.com\\\/index.php\\\/admission\\\/#breadcrumb\"},\"inLanguage\":\"fr-FR\",\"potentialAction\":[{\"@type\":\"ReadAction\",\"target\":[\"https:\\\/\\\/jfn-univ.com\\\/index.php\\\/admission\\\/\"]}]},{\"@type\":\"BreadcrumbList\",\"@id\":\"https:\\\/\\\/jfn-univ.com\\\/index.php\\\/admission\\\/#breadcrumb\",\"itemListElement\":[{\"@type\":\"ListItem\",\"position\":1,\"name\":\"Home\",\"item\":\"https:\\\/\\\/jfn-univ.com\\\/\"},{\"@type\":\"ListItem\",\"position\":2,\"name\":\"admission\"}]},{\"@type\":\"WebSite\",\"@id\":\"https:\\\/\\\/jfn-univ.com\\\/#website\",\"url\":\"https:\\\/\\\/jfn-univ.com\\\/\",\"name\":\"JFN HUI\",\"description\":\"innovation for a better world\",\"publisher\":{\"@id\":\"https:\\\/\\\/jfn-univ.com\\\/#organization\"},\"potentialAction\":[{\"@type\":\"SearchAction\",\"target\":{\"@type\":\"EntryPoint\",\"urlTemplate\":\"https:\\\/\\\/jfn-univ.com\\\/?s={search_term_string}\"},\"query-input\":{\"@type\":\"PropertyValueSpecification\",\"valueRequired\":true,\"valueName\":\"search_term_string\"}}],\"inLanguage\":\"fr-FR\"},{\"@type\":\"Organization\",\"@id\":\"https:\\\/\\\/jfn-univ.com\\\/#organization\",\"name\":\"JFN hui\",\"url\":\"https:\\\/\\\/jfn-univ.com\\\/\",\"logo\":{\"@type\":\"ImageObject\",\"inLanguage\":\"fr-FR\",\"@id\":\"https:\\\/\\\/jfn-univ.com\\\/#\\\/schema\\\/logo\\\/image\\\/\",\"url\":\"https:\\\/\\\/jfn-univ.com\\\/wp-content\\\/uploads\\\/2024\\\/07\\\/jfn-hui-logo.png\",\"contentUrl\":\"https:\\\/\\\/jfn-univ.com\\\/wp-content\\\/uploads\\\/2024\\\/07\\\/jfn-hui-logo.png\",\"width\":198,\"height\":52,\"caption\":\"JFN hui\"},\"image\":{\"@id\":\"https:\\\/\\\/jfn-univ.com\\\/#\\\/schema\\\/logo\\\/image\\\/\"}}]}<\/script>\n<!-- \/ Yoast SEO plugin. -->","yoast_head_json":{"title":"admission - JFN-HUI","robots":{"index":"index","follow":"follow","max-snippet":"max-snippet:-1","max-image-preview":"max-image-preview:large","max-video-preview":"max-video-preview:-1"},"canonical":"https:\/\/jfn-univ.com\/index.php\/admission\/","og_locale":"fr_FR","og_type":"article","og_title":"admission - JFN-HUI","og_description":"Pour int\u00e9grer JFN HUI, les candidats sont \u00e9valu\u00e9s \u00e0 travers une proc\u00e9dure d'admission rigoureuse. Selon la formation vis\u00e9e, l'admission se fait sur la base d'un concours ou d'une \u00e9tude approfondie du dossier. Cette double approche permet de s\u00e9lectionner les candidats les plus motiv\u00e9s et les plus aptes [&hellip;]","og_url":"https:\/\/jfn-univ.com\/index.php\/admission\/","og_site_name":"JFN-HUI","article_modified_time":"2025-06-26T15:37:13+00:00","twitter_card":"summary_large_image","twitter_misc":{"Dur\u00e9e de lecture estim\u00e9e":"2 minutes"},"schema":{"@context":"https:\/\/schema.org","@graph":[{"@type":"WebPage","@id":"https:\/\/jfn-univ.com\/index.php\/admission\/","url":"https:\/\/jfn-univ.com\/index.php\/admission\/","name":"admission - JFN-HUI","isPartOf":{"@id":"https:\/\/jfn-univ.com\/#website"},"datePublished":"2024-07-22T10:16:08+00:00","dateModified":"2025-06-26T15:37:13+00:00","breadcrumb":{"@id":"https:\/\/jfn-univ.com\/index.php\/admission\/#breadcrumb"},"inLanguage":"fr-FR","potentialAction":[{"@type":"ReadAction","target":["https:\/\/jfn-univ.com\/index.php\/admission\/"]}]},{"@type":"BreadcrumbList","@id":"https:\/\/jfn-univ.com\/index.php\/admission\/#breadcrumb","itemListElement":[{"@type":"ListItem","position":1,"name":"Home","item":"https:\/\/jfn-univ.com\/"},{"@type":"ListItem","position":2,"name":"admission"}]},{"@type":"WebSite","@id":"https:\/\/jfn-univ.com\/#website","url":"https:\/\/jfn-univ.com\/","name":"JFN HUI","description":"innovation for a better world","publisher":{"@id":"https:\/\/jfn-univ.com\/#organization"},"potentialAction":[{"@type":"SearchAction","target":{"@type":"EntryPoint","urlTemplate":"https:\/\/jfn-univ.com\/?s={search_term_string}"},"query-input":{"@type":"PropertyValueSpecification","valueRequired":true,"valueName":"search_term_string"}}],"inLanguage":"fr-FR"},{"@type":"Organization","@id":"https:\/\/jfn-univ.com\/#organization","name":"JFN hui","url":"https:\/\/jfn-univ.com\/","logo":{"@type":"ImageObject","inLanguage":"fr-FR","@id":"https:\/\/jfn-univ.com\/#\/schema\/logo\/image\/","url":"https:\/\/jfn-univ.com\/wp-content\/uploads\/2024\/07\/jfn-hui-logo.png","contentUrl":"https:\/\/jfn-univ.com\/wp-content\/uploads\/2024\/07\/jfn-hui-logo.png","width":198,"height":52,"caption":"JFN hui"},"image":{"@id":"https:\/\/jfn-univ.com\/#\/schema\/logo\/image\/"}}]}},"lang":"fr","translations":{"fr":12},"pll_sync_post":[],"_links":{"self":[{"href":"https:\/\/jfn-univ.com\/index.php\/wp-json\/wp\/v2\/pages\/12","targetHints":{"allow":["GET"]}}],"collection":[{"href":"https:\/\/jfn-univ.com\/index.php\/wp-json\/wp\/v2\/pages"}],"about":[{"href":"https:\/\/jfn-univ.com\/index.php\/wp-json\/wp\/v2\/types\/page"}],"author":[{"embeddable":true,"href":"https:\/\/jfn-univ.com\/index.php\/wp-json\/wp\/v2\/users\/1"}],"replies":[{"embeddable":true,"href":"https:\/\/jfn-univ.com\/index.php\/wp-json\/wp\/v2\/comments?post=12"}],"version-history":[{"count":37,"href":"https:\/\/jfn-univ.com\/index.php\/wp-json\/wp\/v2\/pages\/12\/revisions"}],"predecessor-version":[{"id":282486,"href":"https:\/\/jfn-univ.com\/index.php\/wp-json\/wp\/v2\/pages\/12\/revisions\/282486"}],"wp:attachment":[{"href":"https:\/\/jfn-univ.com\/index.php\/wp-json\/wp\/v2\/media?parent=12"}],"curies":[{"name":"wp","href":"https:\/\/api.w.org\/{rel}","templated":true}]}}